{"id":56806,"date":"2022-08-26T09:56:06","date_gmt":"2022-08-26T07:56:06","guid":{"rendered":"https:\/\/www.faresin.com\/haftungsausschluss\/"},"modified":"2023-01-27T08:31:56","modified_gmt":"2023-01-27T07:31:56","slug":"haftungsausschluss","status":"publish","type":"page","link":"https:\/\/www.faresin.com\/de\/haftungsausschluss\/","title":{"rendered":"Haftungsausschluss"},"content":{"rendered":"\t\t<div data-elementor-type=\"wp-page\" data-elementor-id=\"56806\" class=\"elementor elementor-56806 elementor-14023\" data-elementor-post-type=\"page\">\n\t\t\t\t\t\t<section class=\"elementor-section elementor-top-section elementor-element elementor-element-0c1285d elementor-section-boxed elementor-section-height-default elementor-section-height-default\" data-id=\"0c1285d\" data-element_type=\"section\" data-e-type=\"section\" data-settings=\"{&quot;background_background&quot;:&quot;classic&quot;}\">\n\t\t\t\t\t\t<div class=\"elementor-container elementor-column-gap-default\">\n\t\t\t\t\t<div class=\"elementor-column elementor-col-100 elementor-top-column elementor-element elementor-element-a5e6c3d\" data-id=\"a5e6c3d\" data-element_type=\"column\" data-e-type=\"column\" data-settings=\"{&quot;background_background&quot;:&quot;classic&quot;}\">\n\t\t\t<div class=\"elementor-widget-wrap elementor-element-populated\">\n\t\t\t\t\t\t<div class=\"elementor-element elementor-element-270d6d1 elementor-widget elementor-widget-heading\" data-id=\"270d6d1\" data-element_type=\"widget\" data-e-type=\"widget\" data-widget_type=\"heading.default\">\n\t\t\t\t<div class=\"elementor-widget-container\">\n\t\t\t\t\t<h1 class=\"elementor-heading-title elementor-size-default\">Haftungsausschluss<\/h1>\t\t\t\t<\/div>\n\t\t\t\t<\/div>\n\t\t\t\t\t<\/div>\n\t\t<\/div>\n\t\t\t\t\t<\/div>\n\t\t<\/section>\n\t\t\t\t<section class=\"elementor-section elementor-top-section elementor-element elementor-element-c6f0c1d elementor-section-boxed elementor-section-height-default elementor-section-height-default\" data-id=\"c6f0c1d\" data-element_type=\"section\" data-e-type=\"section\">\n\t\t\t\t\t\t<div class=\"elementor-container elementor-column-gap-default\">\n\t\t\t\t\t<div class=\"elementor-column elementor-col-100 elementor-top-column elementor-element elementor-element-575362e\" data-id=\"575362e\" data-element_type=\"column\" data-e-type=\"column\">\n\t\t\t<div class=\"elementor-widget-wrap elementor-element-populated\">\n\t\t\t\t\t\t<div class=\"elementor-element elementor-element-c32336a elementor-widget elementor-widget-text-editor\" data-id=\"c32336a\" data-element_type=\"widget\" data-e-type=\"widget\" data-widget_type=\"text-editor.default\">\n\t\t\t\t<div class=\"elementor-widget-container\">\n\t\t\t\t\t\t\t\t\t<section>\n<section class=\"page-article\">\n<div class=\"page-article-stack\">\n<div class=\"page-article-main\">\n<div class=\"page-article-content\">\n<h4>Rechtliche Hinweise und Nutzungsbedingungen<\/h4>\n<p><br><\/p>\n<p>Alle Rechte vorbehalten. Kein Teil dieses Haftungsausschlusses darf ohne die Genehmigung von FARESIN INDUSTRIES s.p.a. (nachfolgend Faresin Industries) in irgendeiner Form verwendet oder vervielf\u00e4ltigt werden.<\/p>\n<p>Faresin Industries akzeptiert keine Anspr\u00fcche oder Garantieanfragen in Bezug auf den Inhalt dieses Haftungsausschlusses oder auf die Beschreibung seiner Produkte, die auf der Website, in den angenommenen Brosch\u00fcren, illustrativen Dokumenten, Benutzer- und Wartungshandb\u00fcchern oder in der Beschreibung seiner Produkte enthalten sind.<\/p>\n<p><br><\/p>\n<h4>Mitteilung \u00fcber die auf der Website und in den Werbedokumenten verf\u00fcgbaren Informationen<\/h4>\n<p><br><\/p>\n<p>Die Nutzer der Website von Faresin Industries und ganz allgemein all diejenigen, die in den Besitz von Brosch\u00fcren, Prospekten, Katalogen, Benutzer- und Wartungshandb\u00fcchern und allem anderen, was von Faresin Industries zur Verf\u00fcgung gestellt wird, gelangen, sind befugt, die ver\u00f6ffentlichten technischen Unterlagen, Informationen und Daten, Spezifikationen und technischen Daten, Nachrichten, Zeichnungen usw. zu nutzen. (im Folgenden kumulativ als &nbsp;&#8222;Dokumentation&#8220; bezeichnet) unter der ausdr\u00fccklichen Bedingung, dass: (i) Die Worte &lt; copyright &nbsp;all rights reserved by Faresin Industries &gt; sind immer in jeder Kopie vorhanden; (ii) die Verwendung dieser Dokumentation ausschlie\u00dflich zu Informationszwecken und nicht zu kommerziellen Zwecken erfolgt und dass sie weder vervielf\u00e4ltigt oder kopiert noch in einem Netz, auch nicht in einem Intranet, ver\u00f6ffentlicht oder in Kommunikationskan\u00e4le gestellt wird; (iii) und schlie\u00dflich, dass die Dokumente in keiner Weise ge\u00e4ndert oder modifiziert werden.<\/p>\n<p>Alle Elemente, aus denen die Website von Faresin Industries besteht, sind gesetzlich gesch\u00fctzt und d\u00fcrfen nicht kopiert oder nachgeahmt werden, auch nicht teilweise.<\/p>\n<p>Faresin Industries \u00fcbernimmt keine Haftung, weder ausdr\u00fccklich noch stillschweigend, f\u00fcr die Vollst\u00e4ndigkeit und Richtigkeit der auf der Website enthaltenen und\/oder berichteten Informationen.<\/p>\n<p>Die Website von Faresin Industries sowie alle Brosch\u00fcren, Prospekte, Kataloge, Benutzer- und Wartungshandb\u00fccher und alles andere, was von Faresin Industries ver\u00f6ffentlicht wird, enthalten Daten, Materialien, Marken und Informationen, insbesondere Texte, Software, Fotos, Videos und Grafiken, die durch italienische und internationale Gesetze zum Schutz des geistigen Eigentums gesch\u00fctzt sind.<\/p>\n<p><br><\/p>\n<h4>Informationen zu Inhalt und Dokumentation der Website<\/h4>\n<p><br><\/p>\n<p>Faresin Industries ist ein Unternehmen, das Mischwagen f\u00fcr Tierfutter, Teleskopstapler zum Heben und F\u00f6rdern verschiedener Materialien und Ger\u00e4te verschiedener Art (im Folgenden zusammenfassend als Maschinen und Ger\u00e4te bezeichnet) entwickelt, herstellt, vermarktet, verkauft und installiert.<\/p>\n<p>Die Maschinen und Ger\u00e4te von Faresin Industries werden stets in industriellem Ma\u00dfstab und auf Standardbasis konzipiert, konstruiert und hergestellt, mit Ausnahme von Anpassungen und\/oder Sonderanfertigungen nach spezifischen Kundenw\u00fcnschen.<\/p>\n<p><br><\/p>\n<h4>Ausschluss und Ablehnung der Haftung<\/h4>\n<p><br><\/p>\n<p>Faresin Industries empfiehlt jedem, der beabsichtigt, seine Maschinen und\/oder Ger\u00e4te zu kaufen und\/oder zu benutzen, die auf der Website und in den Papierdokumenten vorhandene Dokumentation und somit alle technischen Merkmale der einzelnen und spezifischen Maschinen und\/oder Ger\u00e4te, die &#8211; zus\u00e4tzlich zu dieser Website &#8211; in den Katalogen, Brosch\u00fcren, Benutzer- und Wartungshandb\u00fcchern und in allen anderen von Faresin Industries erstellten Materialien und technischen Dokumenten aufgef\u00fchrt sind, gewissenhaft und sorgf\u00e4ltig zu pr\u00fcfen, um zu kontrollieren und sicherzustellen, dass die Maschinen und\/oder Ger\u00e4te  &nbsp;die f\u00fcr die Verwendung und\/oder den Verwendungszweck des K\u00e4ufers erforderlichen und geeigneten Eigenschaften aufweisen.  &nbsp;&nbsp;<\/p>\n<p>Faresin Industries lehnt daher jegliche Haftung f\u00fcr Fehlfunktionen der Maschinen und\/oder Ger\u00e4te ab.  &nbsp;und\/oder deren verminderte Gebrauchstauglichkeit und\/oder abweichende Leistungen &#8211; im Vergleich zu den Angaben in der Dokumentation und im eigenen Anschauungsmaterial und\/oder in den eigenen Gebrauchs- und\/oder Wartungshandb\u00fcchern &#8211; und\/oder f\u00fcr m\u00f6gliche Funktionsst\u00f6rungen und\/oder verminderte Gebrauchstauglichkeit und\/oder f\u00fcr Ausf\u00e4lle, die auf eine falsche Auswahl und\/oder eine falsche Beurteilung durch den Kunden\/Benutzer zur\u00fcckzuf\u00fchren sind.<\/p>\n<p>Faresin Industries lehnt auch jede Verantwortung f\u00fcr Sch\u00e4den jeglicher Art ab, die direkt oder indirekt an Personen oder Sachen infolge einer falschen Wahl des Kunden\/Benutzers oder der Nichteinhaltung aller in der Dokumentation und in den Gebrauchs- und Wartungshandb\u00fcchern angegebenen Vorschriften, insbesondere der Installationshinweise, verursacht werden k\u00f6nnen,  &nbsp;Inbetriebnahme, Verwendung und Wartung seiner Maschinen und\/oder Ger\u00e4te.<\/p>\n<p>Faresin Industries fordert Sie auf, die Maschinen und\/oder Ger\u00e4te nur und ausschlie\u00dflich zu verwenden, nachdem Sie die Gebrauchs- und Wartungsanleitungen und andere technische Unterlagen, die ihnen beiliegen, gr\u00fcndlich gepr\u00fcft haben, sowie  &nbsp;Zugang zu den Maschinen und\/oder Ger\u00e4ten zu haben und diese ausschlie\u00dflich innerhalb der in der Dokumentation angegebenen Grenzen zu benutzen, da deren Benutzung Fachpersonal vorbehalten sein muss, das zur Benutzung dieser Art von Maschinen und Ger\u00e4ten befugt ist, \u00fcber 18 Jahre alt ist, sich in einem angemessenen psychophysischen Zustand befindet und nicht durch die Einnahme von Alkohol, berauschenden oder narkotisierenden Substanzen, psychotropen Drogen usw. beeintr\u00e4chtigt ist &#8230;&#8230; Die Maschinen und\/oder Ger\u00e4te d\u00fcrfen jeweils nur von einem Bediener verwendet werden, der sich vor der Inbetriebnahme und damit vor der Inbetriebnahme vergewissern muss, dass sich keine Personen oder Tiere in der N\u00e4he aufhalten und dass die in den Bedienungs- und Wartungshandb\u00fcchern vorgeschriebenen Wartungsarbeiten durchgef\u00fchrt worden sind.<\/p>\n<p>Faresin Industries &nbsp;hebt hervor, dass die Vor- und Nachteile von &nbsp;mit  &nbsp;der von ihr hergestellten Maschinen und\/oder Ger\u00e4te kann nur und ausschlie\u00dflich durch die von den K\u00e4ufern\/Anwendern selbst durchgef\u00fchrten Inspektionen, Analysen und Tests kritisch und vollst\u00e4ndig beurteilt werden, da nur diese in der Lage sind, ihre tats\u00e4chlichen Anforderungen zu kennen, insbesondere in Bezug auf Funktionsf\u00e4higkeit, Sicherheit, Zuverl\u00e4ssigkeit Dauer, Einsatzbedingungen, Leistung, Normen sowie zur Erf\u00fcllung der Anforderungen, die durch Normen, technische Vorschriften, Standards, \u00f6rtliche Gepflogenheiten oder durch besondere oder ungew\u00f6hnliche Einsatzbedingungen aufgrund besonderer klimatischer und\/oder atmosph\u00e4rischer Bedingungen vorgeschrieben oder nahegelegt sind (nur als Beispiel und daher nicht ersch\u00f6pfend: niedrigere Temperaturen, niedrigere  &nbsp;bei &#8211; 20\u00b0 C &nbsp;oder \u00fcber 40\u00b0 C , &#8211; internationale Celsius-Skala &#8211; hohe &nbsp;Luftfeuchtigkeit, staubige Orte &nbsp;, salzhaltiges Klima &nbsp;, elektromagnetische St\u00fcrme, &nbsp;Vorhandensein von \u00e4tzenden Stoffen, usw&#8230;.) und ungesunde Orte.<\/p>\n<p>Maschinen und\/oder Ger\u00e4te k\u00f6nnen Nutzungseinschr\u00e4nkungen aufweisen. Bitte informieren Sie sich in der Dokumentation, in Brosch\u00fcren, in Anschauungsmaterial, in Bedienungs- und Wartungsanleitungen dar\u00fcber, f\u00fcr welche Zwecke sie bestimmt sind. Auf jeden Fall d\u00fcrfen Maschinen und\/oder Ger\u00e4te nur dann auf \u00f6ffentlichen Stra\u00dfen verkehren, wenn sie zuvor f\u00fcr diese Art des Verkehrs zugelassen wurden, und sie d\u00fcrfen auf jeden Fall nur und ausschlie\u00dflich in ausreichend bel\u00fcfteten Bereichen verwendet werden und m\u00fcssen regelm\u00e4\u00dfig gewartet werden, wie es in den Bedienungs- und Wartungsanleitungen vorgesehen ist.<\/p>\n<p>Daraus folgt, dass Faresin Industries jede Haftung ablehnt  &nbsp;wenn,  &nbsp;unter Versto\u00df gegen die vorstehenden Bestimmungen Maschinen und\/oder Vorrichtungen eingesetzt werden und\/oder  &nbsp;in Produktionslinien eingesetzt oder unter ungew\u00f6hnlichen Bedingungen verwendet werden oder nicht den von Faresin Industries empfohlenen technischen Eigenschaften und Verwendungsmethoden entsprechen und\/oder enthalten sind  &nbsp;unter  &nbsp;.  &nbsp;  und\/oder  &nbsp;in den Brosch\u00fcren und\/oder &nbsp;in den &nbsp;verschiedenen Materialien &nbsp;zur Veranschaulichung von &nbsp;Faresin Industries, einschlie\u00dflich der Gebrauchs- und Wartungshandb\u00fccher, oder wiederum nicht in \u00dcbereinstimmung mit Gesetzen und\/oder technischen Normen, Gepflogenheiten oder dem, was die allgemeine Erfahrung nahelegt.<\/p>\n<p>Diese Haftungsbefreiung betrifft sowohl die Haftung gegen\u00fcber Dritten nach dem weltweiten Produkthaftungsrecht als auch die Garantie- und Vertragshaftung.<\/p>\n<p><br><\/p>\n<h4>Sonstige Bestimmungen<\/h4>\n<p><br><\/p>\n<p>K\u00e4ufer\/Nutzer von Maschinen und\/oder Ger\u00e4ten, die von Faresin Industries hergestellt wurden  &nbsp;sind verpflichtet, unter ihrer unmittelbaren Verantwortung und auf ihre Kosten die erforderlichen und angemessenen Kontrollen, Tests, Pr\u00fcfungen und erforderlichenfalls technische Funktionspr\u00fcfungen durchzuf\u00fchren, um die Konformit\u00e4t der Maschinen und Ger\u00e4te zu gew\u00e4hrleisten  &nbsp;im Hinblick auf ihre Bed\u00fcrfnisse und\/oder Anforderungen zu kaufen, und, allgemeiner, um  &nbsp;was auf der Website von Faresin Industries, in der Dokumentation und im Anschauungsmaterial sowie in den den Maschinen und Ger\u00e4ten beiliegenden Bedienungs- und Wartungsanleitungen angegeben ist.<br>Alle von Faresin Industries gelieferten Daten und Informationen technischer Art sind das Ergebnis von Kontrollen, Tests, Pr\u00fcfungen und technischen Funktionspr\u00fcfungen, die von den Mitarbeitern von Faresin Industries durchgef\u00fchrt wurden, wobei die technischen Merkmale und Parameter verwendet wurden, die durch Erfahrung, technische Normen und bew\u00e4hrte Verfahren vorgeschrieben und\/oder empfohlen werden.<br>Alle von Faresin Industries entworfenen und hergestellten Maschinen und Ger\u00e4te wurden f\u00fcr eine Vielzahl von Verwendungszwecken konzipiert, entworfen und hergestellt, jedoch nicht, um Personen oder Eigentum Schaden zuzuf\u00fcgen.<br>Die Maschinen und Ger\u00e4te d\u00fcrfen nicht f\u00fcr unerlaubte Zwecke oder f\u00fcr andere Zwecke als die auf der Website und\/oder in den von Faresin Industries angenommenen Anschauungsdokumenten, Brosch\u00fcren, Anschauungsmaterialien und Benutzer- und Wartungshandb\u00fcchern angegebenen verwendet werden.<br>Faresin Industries haftet in keinem Fall f\u00fcr direkte oder indirekte Sch\u00e4den, auch nicht f\u00fcr zuf\u00e4llige, oder f\u00fcr so genannte &#8222;punitive damages&#8220;, die sich aus oder im Zusammenhang mit der Verwendung seiner Maschinen und\/oder Ger\u00e4te ergeben.<\/p>\n<p>Faresin Industries akzeptiert keine Anspr\u00fcche oder Garantieanfragen in Bezug auf den Inhalt dieses Haftungsausschlusses oder auf die Beschreibung der Maschinen und\/oder Ger\u00e4te &nbsp;, die auf seiner Website, in der Dokumentation, in Brosch\u00fcren, in Gebrauchs- und Wartungshandb\u00fcchern &nbsp;enthalten sind, oder auf die darin enthaltene Beschreibung der Maschinen und Ger\u00e4te.<\/p>\n<p>Die Ung\u00fcltigkeit oder Unwirksamkeit einer oder mehrerer Bestimmungen dieses Haftungsausschlusses ber\u00fchrt die G\u00fcltigkeit und Wirksamkeit der \u00fcbrigen Bestimmungen nicht.<\/p>\n<p>In einem solchen Fall wird jede ung\u00fcltige oder unwirksame Bestimmung oder Klausel durch eine andere g\u00fcltige und wirksame ersetzt, die so weit wie m\u00f6glich die gleichen Ergebnisse und Absichten von Faresin Industries s.p.a. erreicht.<\/p>\n<\/div>\n<\/div>\n<\/div>\n<\/section>\n<section class=\"page-article\">\n<div class=\"page-article-stack\">\n<div class=\"page-article-main\">\n<div class=\"page-article-content\">&nbsp;<\/div>\n<\/div>\n<\/div>\n<\/section>\n<\/section>\t\t\t\t\t\t\t\t<\/div>\n\t\t\t\t<\/div>\n\t\t\t\t\t<\/div>\n\t\t<\/div>\n\t\t\t\t\t<\/div>\n\t\t<\/section>\n\t\t\t\t<\/div>\n\t\t","protected":false},"excerpt":{"rendered":"<p>Haftungsausschluss Rechtliche Hinweise und Nutzungsbedingungen Alle Rechte vorbehalten. Kein Teil dieses Haftungsausschlusses darf ohne die Genehmigung von FARESIN INDUSTRIES s.p.a. (nachfolgend Faresin Industries) in irgendeiner Form verwendet oder vervielf\u00e4ltigt werden. Faresin Industries akzeptiert keine Anspr\u00fcche oder Garantieanfragen in Bezug auf den Inhalt dieses Haftungsausschlusses oder auf die Beschreibung seiner Produkte, die auf der Website, in [&hellip;]<\/p>\n","protected":false},"author":1,"featured_media":0,"parent":0,"menu_order":0,"comment_status":"closed","ping_status":"closed","template":"elementor_header_footer","meta":{"_acf_changed":false,"footnotes":""},"class_list":["post-56806","page","type-page","status-publish","hentry"],"acf":[],"_links":{"self":[{"href":"https:\/\/www.faresin.com\/de\/wp-json\/wp\/v2\/pages\/56806","targetHints":{"allow":["GET"]}}],"collection":[{"href":"https:\/\/www.faresin.com\/de\/wp-json\/wp\/v2\/pages"}],"about":[{"href":"https:\/\/www.faresin.com\/de\/wp-json\/wp\/v2\/types\/page"}],"author":[{"embeddable":true,"href":"https:\/\/www.faresin.com\/de\/wp-json\/wp\/v2\/users\/1"}],"replies":[{"embeddable":true,"href":"https:\/\/www.faresin.com\/de\/wp-json\/wp\/v2\/comments?post=56806"}],"version-history":[{"count":0,"href":"https:\/\/www.faresin.com\/de\/wp-json\/wp\/v2\/pages\/56806\/revisions"}],"wp:attachment":[{"href":"https:\/\/www.faresin.com\/de\/wp-json\/wp\/v2\/media?parent=56806"}],"curies":[{"name":"wp","href":"https:\/\/api.w.org\/{rel}","templated":true}]}}