{"id":57221,"date":"2022-04-08T14:23:48","date_gmt":"2022-04-08T12:23:48","guid":{"rendered":"https:\/\/www.faresin.com\/stiftung\/"},"modified":"2023-09-21T10:30:26","modified_gmt":"2023-09-21T08:30:26","slug":"stiftung","status":"publish","type":"page","link":"https:\/\/www.faresin.com\/de\/stiftung\/","title":{"rendered":"Stiftung"},"content":{"rendered":"\t\t<div data-elementor-type=\"wp-page\" data-elementor-id=\"57221\" class=\"elementor elementor-57221 elementor-3324\" data-elementor-post-type=\"page\">\n\t\t\t\t\t\t<section class=\"elementor-section elementor-top-section elementor-element elementor-element-10a1d205 elementor-section-height-min-height elementor-section-items-stretch elementor-section-full_width elementor-section-height-default\" data-id=\"10a1d205\" data-element_type=\"section\" data-e-type=\"section\">\n\t\t\t\t\t\t<div class=\"elementor-container elementor-column-gap-default\">\n\t\t\t\t\t<div class=\"elementor-column elementor-col-50 elementor-top-column elementor-element elementor-element-2d7c5aba\" data-id=\"2d7c5aba\" data-element_type=\"column\" data-e-type=\"column\" data-settings=\"{&quot;background_background&quot;:&quot;classic&quot;}\">\n\t\t\t<div class=\"elementor-widget-wrap elementor-element-populated\">\n\t\t\t\t\t\t<div data-dce-title-color=\"#000000\" class=\"elementor-element elementor-element-4d12779 elementor-widget elementor-widget-heading\" data-id=\"4d12779\" data-element_type=\"widget\" data-e-type=\"widget\" data-widget_type=\"heading.default\">\n\t\t\t\t<div class=\"elementor-widget-container\">\n\t\t\t\t\t<h1 class=\"elementor-heading-title elementor-size-medium\">Stiftung<\/h1>\t\t\t\t<\/div>\n\t\t\t\t<\/div>\n\t\t\t\t<div data-dce-title-color=\"#282C2C\" class=\"elementor-element elementor-element-ac198a1 elementor-widget elementor-widget-heading\" data-id=\"ac198a1\" data-element_type=\"widget\" data-e-type=\"widget\" data-widget_type=\"heading.default\">\n\t\t\t\t<div class=\"elementor-widget-container\">\n\t\t\t\t\t<div class=\"elementor-heading-title elementor-size-xl\">Mons. Camillo Faresin Onlus<\/div>\t\t\t\t<\/div>\n\t\t\t\t<\/div>\n\t\t\t\t<div class=\"elementor-element elementor-element-35509da elementor-widget elementor-widget-text-editor\" data-id=\"35509da\" data-element_type=\"widget\" data-e-type=\"widget\" data-widget_type=\"text-editor.default\">\n\t\t\t\t<div class=\"elementor-widget-container\">\n\t\t\t\t\t\t\t\t\t<p>Die im Januar 2004 gegr\u00fcndete Stiftung Mons. Camillo Faresin Onlus ist unpolitisch und gemeinn\u00fctzig, und keiner ihrer Mitglieder kann f\u00fcr die Arbeit, die sie in ihrem Namen leisten, entlohnt werden. Sie verfolgt ausschlie\u00dflich den Zweck der sozialen Solidarit\u00e4t gegen\u00fcber benachteiligten Personen und Angeh\u00f6rigen ausl\u00e4ndischer Gemeinschaften, beschr\u00e4nkt auf humanit\u00e4re Hilfe in den Bereichen:<\/p>\n<p><span style=\"color: var( --e-global-color-text ); font-family: var( --e-global-typography-text-font-family ), Sans-serif; font-weight: var( --e-global-typography-text-font-weight );\">&nbsp;<\/span><\/p>\n<ul>\n<li><span style=\"color: var( --e-global-color-text ); font-family: var( --e-global-typography-text-font-family ), Sans-serif; font-weight: var( --e-global-typography-text-font-weight );\">soziale und sozio-medizinische Betreuung;<\/span><\/li>\n<li>Gesundheitsversorgung;<\/li>\n<li>F\u00f6rderung von Initiativen, Bedingungen und Arbeitsm\u00f6glichkeiten, die dem sozialen und wirtschaftlichen Wachstum f\u00f6rderlich sind.<\/li>\n<\/ul>\t\t\t\t\t\t\t\t<\/div>\n\t\t\t\t<\/div>\n\t\t\t\t\t<\/div>\n\t\t<\/div>\n\t\t\t\t<div class=\"elementor-column elementor-col-50 elementor-top-column elementor-element elementor-element-3aa1ea4c\" data-id=\"3aa1ea4c\" data-element_type=\"column\" data-e-type=\"column\" data-settings=\"{&quot;background_background&quot;:&quot;classic&quot;}\">\n\t\t\t<div class=\"elementor-widget-wrap elementor-element-populated\">\n\t\t\t\t\t\t<div class=\"elementor-element elementor-element-313290d elementor-widget elementor-widget-image\" data-id=\"313290d\" data-element_type=\"widget\" data-e-type=\"widget\" data-widget_type=\"image.default\">\n\t\t\t\t<div class=\"elementor-widget-container\">\n\t\t\t\t\t\t\t\t\t\t\t\t\t\t\t<img decoding=\"async\" width=\"710\" height=\"400\" src=\"https:\/\/www.faresin.com\/wp-content\/uploads\/2022\/04\/mon-camillo-faresin.jpg\" class=\"elementor-animation-float attachment-full size-full wp-image-16604\" alt=\"\" srcset=\"https:\/\/www.faresin.com\/wp-content\/uploads\/2022\/04\/mon-camillo-faresin.jpg 710w, https:\/\/www.faresin.com\/wp-content\/uploads\/2022\/04\/mon-camillo-faresin-600x338.jpg 600w, https:\/\/www.faresin.com\/wp-content\/uploads\/2022\/04\/mon-camillo-faresin-300x169.jpg 300w\" sizes=\"(max-width: 710px) 100vw, 710px\">\t\t\t\t\t\t\t\t\t\t\t\t\t\t\t<\/div>\n\t\t\t\t<\/div>\n\t\t\t\t\t<\/div>\n\t\t<\/div>\n\t\t\t\t\t<\/div>\n\t\t<\/section>\n\t\t\t\t<section class=\"elementor-section elementor-top-section elementor-element elementor-element-6ec9173e elementor-section-boxed elementor-section-height-default elementor-section-height-default\" data-id=\"6ec9173e\" data-element_type=\"section\" data-e-type=\"section\">\n\t\t\t\t\t\t<div class=\"elementor-container elementor-column-gap-default\">\n\t\t\t\t\t<div class=\"elementor-column elementor-col-50 elementor-top-column elementor-element elementor-element-23da1c3d\" data-id=\"23da1c3d\" data-element_type=\"column\" data-e-type=\"column\">\n\t\t\t<div class=\"elementor-widget-wrap elementor-element-populated\">\n\t\t\t\t\t\t<div class=\"elementor-element elementor-element-da35105 elementor-hidden-tablet elementor-hidden-mobile elementor-widget-divider--separator-type-pattern elementor-widget-divider--view-line elementor-widget elementor-widget-divider\" data-id=\"da35105\" data-element_type=\"widget\" data-e-type=\"widget\" data-widget_type=\"divider.default\">\n\t\t\t\t<div class=\"elementor-widget-container\">\n\t\t\t\t\t\t\t<div class=\"elementor-divider\" style=\"--divider-pattern-url: url(&quot;data:image\/svg+xml,%3Csvg xmlns=&#039;http:\/\/www.w3.org\/2000\/svg&#039; preserveAspectRatio=&#039;none&#039; overflow=&#039;visible&#039; height=&#039;100%&#039; viewBox=&#039;0 0 20 16&#039; fill=&#039;none&#039; stroke=&#039;black&#039; stroke-width=&#039;2.2&#039; stroke-linecap=&#039;square&#039; stroke-miterlimit=&#039;10&#039;%3E%3Cg transform=&#039;translate(-12.000000, 0)&#039;%3E%3Cpath d=&#039;M28,0L10,18&#039;\/%3E%3Cpath d=&#039;M18,0L0,18&#039;\/%3E%3Cpath d=&#039;M48,0L30,18&#039;\/%3E%3Cpath d=&#039;M38,0L20,18&#039;\/%3E%3C\/g%3E%3C\/svg%3E&quot;);\">\n\t\t\t<span class=\"elementor-divider-separator\">\n\t\t\t\t\t\t<\/span>\n\t\t<\/div>\n\t\t\t\t\t\t<\/div>\n\t\t\t\t<\/div>\n\t\t\t\t<div class=\"elementor-element elementor-element-b20aa17 elementor-widget elementor-widget-heading\" data-id=\"b20aa17\" data-element_type=\"widget\" data-e-type=\"widget\" data-widget_type=\"heading.default\">\n\t\t\t\t<div class=\"elementor-widget-container\">\n\t\t\t\t\t<h2 class=\"elementor-heading-title elementor-size-medium\">Geburt<\/h2>\t\t\t\t<\/div>\n\t\t\t\t<\/div>\n\t\t\t\t<div data-dce-title-color=\"#282C2C\" class=\"elementor-element elementor-element-356b198 elementor-widget elementor-widget-heading\" data-id=\"356b198\" data-element_type=\"widget\" data-e-type=\"widget\" data-widget_type=\"heading.default\">\n\t\t\t\t<div class=\"elementor-widget-container\">\n\t\t\t\t\t<div class=\"elementor-heading-title elementor-size-default\">Stiftung<\/div>\t\t\t\t<\/div>\n\t\t\t\t<\/div>\n\t\t\t\t<div class=\"elementor-element elementor-element-68c6fa63 elementor-widget elementor-widget-image\" data-id=\"68c6fa63\" data-element_type=\"widget\" data-e-type=\"widget\" data-widget_type=\"image.default\">\n\t\t\t\t<div class=\"elementor-widget-container\">\n\t\t\t\t\t\t\t\t\t\t\t\t\t\t\t<img decoding=\"async\" width=\"940\" height=\"600\" src=\"https:\/\/www.faresin.com\/wp-content\/uploads\/2022\/04\/insieme-aiutiamo-il-mondo.jpg\" class=\"elementor-animation-float attachment-full size-full wp-image-16611\" alt=\"\" srcset=\"https:\/\/www.faresin.com\/wp-content\/uploads\/2022\/04\/insieme-aiutiamo-il-mondo.jpg 940w, https:\/\/www.faresin.com\/wp-content\/uploads\/2022\/04\/insieme-aiutiamo-il-mondo-600x383.jpg 600w, https:\/\/www.faresin.com\/wp-content\/uploads\/2022\/04\/insieme-aiutiamo-il-mondo-300x191.jpg 300w, https:\/\/www.faresin.com\/wp-content\/uploads\/2022\/04\/insieme-aiutiamo-il-mondo-768x490.jpg 768w\" sizes=\"(max-width: 940px) 100vw, 940px\">\t\t\t\t\t\t\t\t\t\t\t\t\t\t\t<\/div>\n\t\t\t\t<\/div>\n\t\t\t\t\t<\/div>\n\t\t<\/div>\n\t\t\t\t<div class=\"elementor-column elementor-col-50 elementor-top-column elementor-element elementor-element-223fe1d8\" data-id=\"223fe1d8\" data-element_type=\"column\" data-e-type=\"column\">\n\t\t\t<div class=\"elementor-widget-wrap elementor-element-populated\">\n\t\t\t\t\t\t<div class=\"elementor-element elementor-element-e4ecd88 elementor-widget elementor-widget-text-editor\" data-id=\"e4ecd88\" data-element_type=\"widget\" data-e-type=\"widget\" data-widget_type=\"text-editor.default\">\n\t\t\t\t<div class=\"elementor-widget-container\">\n\t\t\t\t\t\t\t\t\t<p>Die Stiftung wurde haupts\u00e4chlich in Guiratinga, im brasilianischen Mato Grosso, gegr\u00fcndet, wo Mons. Camillo und Don Santo Faresin ihr Leben als Salesianermissionare widmeten. Der Stiftungsrat steht in direktem Kontakt mit der Di\u00f6zese Guiratinga durch die Anwesenheit der Suore della Divina Volont\u00e0 von Bassano del Grappa und des Bischofs von Guiratinga. Dank dieser Menschen wurde in Guiratinga ein Ausschuss eingesetzt, der Projekte vorschl\u00e4gt, die den tats\u00e4chlichen Bed\u00fcrfnissen der Gemeinde entsprechen. Die Projekte der Stiftung Mons. Camillo Faresin Onlus betreffen:<\/p>\n<ul>\n<li>Unterst\u00fctzung f\u00fcr Seminaristen in der Di\u00f6zese Guiratinga;<\/li>\n<li>Unterst\u00fctzung von Kursen f\u00fcr die schulische und berufliche Ausbildung von Jugendlichen in der Di\u00f6zese;<\/li>\n<li>Unterst\u00fctzung f\u00fcr das Kunsthandwerk von Frauen;<\/li>\n<li>Unterst\u00fctzung des Altenheims Gaetana Sterni und seiner Bewohner;<\/li>\n<li>Unterst\u00fctzung f\u00fcr besonders bed\u00fcrftige Familien durch die Finanzierung von K\u00f6rben mit lebensnotwendigen G\u00fctern.<\/li>\n<\/ul>\n<div><span style=\"font-family: -apple-system, BlinkMacSystemFont, Segoe UI, Roboto, Oxygen-Sans, Ubuntu, Cantarell, Helvetica Neue, sans-serif;\"> <\/span><\/div>\n<p>Heute lebt das Werk von Mons. Camillo Faresin dank der Stiftung, die seinen Namen tr\u00e4gt, weiter. S\u00fcdamerika, Afrika, Asien, Europa: Wo immer Hilfe und Solidarit\u00e4t ben\u00f6tigt werden, ist die Stiftung Mons. Camillo Faresin Onlus zur Stelle. Sie sammelt Gelder, arbeitet mit gemeinn\u00fctzigen Organisationen zusammen und erweitert dank der Unterst\u00fctzung durch Spenden nach und nach ihre Reichweite. So geht das Beispiel eines Mannes weiter. Mit all seiner Kraft.<\/p>\n\t\t\t\t\t\t\t\t<\/div>\n\t\t\t\t<\/div>\n\t\t\t\t\t<\/div>\n\t\t<\/div>\n\t\t\t\t\t<\/div>\n\t\t<\/section>\n\t\t\t\t<\/div>\n\t\t","protected":false},"excerpt":{"rendered":"<p>Stiftung Mons. Camillo Faresin Onlus Die im Januar 2004 gegr\u00fcndete Stiftung Mons. Camillo Faresin Onlus ist unpolitisch und gemeinn\u00fctzig, und keiner ihrer Mitglieder kann f\u00fcr die Arbeit, die sie in ihrem Namen leisten, entlohnt werden. Sie verfolgt ausschlie\u00dflich den Zweck der sozialen Solidarit\u00e4t gegen\u00fcber benachteiligten Personen und Angeh\u00f6rigen ausl\u00e4ndischer Gemeinschaften, beschr\u00e4nkt auf humanit\u00e4re Hilfe in [&hellip;]<\/p>\n","protected":false},"author":1,"featured_media":0,"parent":0,"menu_order":0,"comment_status":"open","ping_status":"closed","template":"elementor_header_footer","meta":{"_acf_changed":false,"footnotes":""},"class_list":["post-57221","page","type-page","status-publish","hentry"],"acf":[],"_links":{"self":[{"href":"https:\/\/www.faresin.com\/de\/wp-json\/wp\/v2\/pages\/57221","targetHints":{"allow":["GET"]}}],"collection":[{"href":"https:\/\/www.faresin.com\/de\/wp-json\/wp\/v2\/pages"}],"about":[{"href":"https:\/\/www.faresin.com\/de\/wp-json\/wp\/v2\/types\/page"}],"author":[{"embeddable":true,"href":"https:\/\/www.faresin.com\/de\/wp-json\/wp\/v2\/users\/1"}],"replies":[{"embeddable":true,"href":"https:\/\/www.faresin.com\/de\/wp-json\/wp\/v2\/comments?post=57221"}],"version-history":[{"count":0,"href":"https:\/\/www.faresin.com\/de\/wp-json\/wp\/v2\/pages\/57221\/revisions"}],"wp:attachment":[{"href":"https:\/\/www.faresin.com\/de\/wp-json\/wp\/v2\/media?parent=57221"}],"curies":[{"name":"wp","href":"https:\/\/api.w.org\/{rel}","templated":true}]}}