{"id":56810,"date":"2022-07-29T17:13:41","date_gmt":"2022-07-29T15:13:41","guid":{"rendered":"https:\/\/www.faresin.com\/informativo\/"},"modified":"2022-12-22T10:11:43","modified_gmt":"2022-12-22T09:11:43","slug":"informativo","status":"publish","type":"page","link":"https:\/\/www.faresin.com\/es\/informativo\/","title":{"rendered":"Informativo"},"content":{"rendered":"\t\t<div data-elementor-type=\"wp-page\" data-elementor-id=\"56810\" class=\"elementor elementor-56810 elementor-13159\" data-elementor-post-type=\"page\">\n\t\t\t\t\t\t<section class=\"elementor-section elementor-top-section elementor-element elementor-element-306f86f elementor-section-boxed elementor-section-height-default elementor-section-height-default\" data-id=\"306f86f\" data-element_type=\"section\" data-e-type=\"section\" data-settings=\"{&quot;background_background&quot;:&quot;classic&quot;}\">\n\t\t\t\t\t\t<div class=\"elementor-container elementor-column-gap-default\">\n\t\t\t\t\t<div class=\"elementor-column elementor-col-100 elementor-top-column elementor-element elementor-element-f821701\" data-id=\"f821701\" data-element_type=\"column\" data-e-type=\"column\" data-settings=\"{&quot;background_background&quot;:&quot;classic&quot;}\">\n\t\t\t<div class=\"elementor-widget-wrap elementor-element-populated\">\n\t\t\t\t\t\t<div class=\"elementor-element elementor-element-8710609 elementor-widget elementor-widget-heading\" data-id=\"8710609\" data-element_type=\"widget\" data-e-type=\"widget\" data-widget_type=\"heading.default\">\n\t\t\t\t<div class=\"elementor-widget-container\">\n\t\t\t\t\t<h1 class=\"elementor-heading-title elementor-size-default\">Informativo<\/h1>\t\t\t\t<\/div>\n\t\t\t\t<\/div>\n\t\t\t\t<div class=\"elementor-element elementor-element-ca97376 elementor-widget elementor-widget-heading\" data-id=\"ca97376\" data-element_type=\"widget\" data-e-type=\"widget\" data-widget_type=\"heading.default\">\n\t\t\t\t<div class=\"elementor-widget-container\">\n\t\t\t\t\t<h2 class=\"elementor-heading-title elementor-size-medium\">Informaci\u00f3n con arreglo al art. 13 del Reglamento Europeo de Protecci\u00f3n de Datos (GDPR - EU Reg. 679\/16)<\/h2>\t\t\t\t<\/div>\n\t\t\t\t<\/div>\n\t\t\t\t\t<\/div>\n\t\t<\/div>\n\t\t\t\t\t<\/div>\n\t\t<\/section>\n\t\t\t\t<section class=\"elementor-section elementor-top-section elementor-element elementor-element-a2410e0 elementor-section-boxed elementor-section-height-default elementor-section-height-default\" data-id=\"a2410e0\" data-element_type=\"section\" data-e-type=\"section\">\n\t\t\t\t\t\t<div class=\"elementor-container elementor-column-gap-default\">\n\t\t\t\t\t<div class=\"elementor-column elementor-col-100 elementor-top-column elementor-element elementor-element-6995aa9\" data-id=\"6995aa9\" data-element_type=\"column\" data-e-type=\"column\">\n\t\t\t<div class=\"elementor-widget-wrap elementor-element-populated\">\n\t\t\t\t\t\t<div class=\"elementor-element elementor-element-c7e306d elementor-toc--minimized-on-tablet elementor-widget elementor-widget-table-of-contents\" data-id=\"c7e306d\" data-element_type=\"widget\" data-e-type=\"widget\" data-settings=\"{&quot;headings_by_tags&quot;:[&quot;h3&quot;,&quot;h4&quot;,&quot;h5&quot;,&quot;h6&quot;],&quot;exclude_headings_by_selector&quot;:[],&quot;marker_view&quot;:&quot;numbers&quot;,&quot;no_headings_message&quot;:&quot;No se ha encontrado ning\\u00fan encabezado en esta p\\u00e1gina.&quot;,&quot;minimize_box&quot;:&quot;yes&quot;,&quot;minimized_on&quot;:&quot;tablet&quot;,&quot;hierarchical_view&quot;:&quot;yes&quot;,&quot;min_height&quot;:{&quot;unit&quot;:&quot;px&quot;,&quot;size&quot;:&quot;&quot;,&quot;sizes&quot;:[]},&quot;min_height_tablet&quot;:{&quot;unit&quot;:&quot;px&quot;,&quot;size&quot;:&quot;&quot;,&quot;sizes&quot;:[]},&quot;min_height_mobile&quot;:{&quot;unit&quot;:&quot;px&quot;,&quot;size&quot;:&quot;&quot;,&quot;sizes&quot;:[]}}\" data-widget_type=\"table-of-contents.default\">\n\t\t\t\t<div class=\"elementor-widget-container\">\n\t\t\t\t\t\t\t\t\t<div class=\"elementor-toc__header\">\n\t\t\t\t\t\t<h4 class=\"elementor-toc__header-title\">\n\t\t\t\t\u00cdndice\t\t\t<\/h4>\n\t\t\t\t\t\t\t\t\t\t<div class=\"elementor-toc__toggle-button elementor-toc__toggle-button--expand\" role=\"button\" tabindex=\"0\" aria-controls=\"elementor-toc__c7e306d\" aria-expanded=\"true\" aria-label=\"Abrir la tabla de contenidos\"><i aria-hidden=\"true\" class=\"fas fa-chevron-down\"><\/i><\/div>\n\t\t\t\t<div class=\"elementor-toc__toggle-button elementor-toc__toggle-button--collapse\" role=\"button\" tabindex=\"0\" aria-controls=\"elementor-toc__c7e306d\" aria-expanded=\"true\" aria-label=\"Cerrar la tabla de contenidos\"><i aria-hidden=\"true\" class=\"fas fa-chevron-up\"><\/i><\/div>\n\t\t\t\t\t<\/div>\n\t\t\t\t<div id=\"elementor-toc__c7e306d\" class=\"elementor-toc__body\">\n\t\t\t<div class=\"elementor-toc__spinner-container\">\n\t\t\t\t<i class=\"elementor-toc__spinner eicon-animation-spin eicon-loading\" aria-hidden=\"true\"><\/i>\t\t\t<\/div>\n\t\t<\/div>\n\t\t\t\t\t\t<\/div>\n\t\t\t\t<\/div>\n\t\t\t\t\t<\/div>\n\t\t<\/div>\n\t\t\t\t\t<\/div>\n\t\t<\/section>\n\t\t\t\t<section class=\"elementor-section elementor-top-section elementor-element elementor-element-aa05541 elementor-section-boxed elementor-section-height-default elementor-section-height-default\" data-id=\"aa05541\" data-element_type=\"section\" data-e-type=\"section\">\n\t\t\t\t\t\t<div class=\"elementor-container elementor-column-gap-default\">\n\t\t\t\t\t<div class=\"elementor-column elementor-col-100 elementor-top-column elementor-element elementor-element-324a2a0\" data-id=\"324a2a0\" data-element_type=\"column\" data-e-type=\"column\">\n\t\t\t<div class=\"elementor-widget-wrap elementor-element-populated\">\n\t\t\t\t\t\t<div class=\"elementor-element elementor-element-7714b9d elementor-widget elementor-widget-text-editor\" data-id=\"7714b9d\" data-element_type=\"widget\" data-e-type=\"widget\" data-widget_type=\"text-editor.default\">\n\t\t\t\t<div class=\"elementor-widget-container\">\n\t\t\t\t\t\t\t\t\t<section class=\"page-article\">\n<div class=\"page-article-stack\">\n<div class=\"page-article-main\">\n<h4 class=\"page-article-title\">FORMULARIO DE SOLICITUD DE INFORMACI\u00d3N<\/h4>\n<div class=\"page-article-content\">\n<div><a name=\"informazioni\"><\/a><\/div>\n<div>\n<div>Informaci\u00f3n con arreglo al art. 13 del Reglamento Europeo de Protecci\u00f3n de Datos (GDPR &#8211; EU Reg. 679\/16)<\/div>\n<div>De conformidad con el art. 13 del Reglamento UE 679\/16 se le facilita la siguiente informaci\u00f3n sobre el tratamiento que puede tener lugar como consecuencia de la cumplimentaci\u00f3n y env\u00edo de los datos del formulario que va a cumplimentar.<\/div>\n<div>El responsable del tratamiento de los datos es Faresin Industries Spa con domicilio social y administrativo en via dell&#8217;Artigianato 36, 36042 Breganze (VI). Inscrita en el registro mercantil de Vicenza con el n\u00famero de IVA y el c\u00f3digo fiscal 03542090281 y puede ser contactada en <a href=\"mailto:faresin@faresin.com\">faresin@faresin.com.<\/a><\/div>\n<div>Los datos del formulario se utilizar\u00e1n, tras la expresi\u00f3n de su consentimiento al tratamiento de datos personales, para el siguiente fin:<\/div>\n<div>&#8211; Atender su solicitud de informaci\u00f3n y\/o servicios.<\/div>\n<div> <\/div>\n<div>La finalidad antes mencionada se perseguir\u00e1 tras la expresi\u00f3n facultativa de su consentimiento en la forma indicada en la p\u00e1gina de recogida de sus datos.<\/div>\n<div>Tenga en cuenta que los datos marcados con un * (asterisco) son obligatorios para poder beneficiarse de los servicios que pretende solicitar; si no se cumplimentan, puede que no sea posible prestarle dichos servicios y que los datos en s\u00ed no se adquieran. Rellenar los dem\u00e1s datos del formulario es opcional y usted es libre de decidir si los rellena o no.<\/div>\n<div>Los datos que haya comunicado podr\u00e1n ser comunicados a los encargados del tratamiento que participen en la prestaci\u00f3n de los servicios que haya solicitado o en la gesti\u00f3n t\u00e9cnica del sitio (limitada a los casos en que resulte indispensable) y a terceros que participen en la realizaci\u00f3n de las mismas actividades que los encargados del tratamiento.<\/div>\n<div>Adem\u00e1s, los datos comunicados podr\u00e1n ser transmitidos a nuestra organizaci\u00f3n de ventas directas e indirectas para responder a su solicitud.<\/div>\n<div>Los datos se conservar\u00e1n hasta que finalicen los servicios solicitados o se solicite su supresi\u00f3n y, en el caso de obligaciones normativas, podr\u00e1n conservarse en archivos espec\u00edficos durante el plazo estrictamente necesario para tales fines.<\/div>\n<div>Le recordamos que puede ejercer su derecho a solicitar al responsable del tratamiento el acceso, la rectificaci\u00f3n, la supresi\u00f3n o la limitaci\u00f3n de sus datos personales y a oponerse a dicho tratamiento, as\u00ed como el derecho a la portabilidad de los datos; puede ejercer estos derechos utilizando los datos de contacto indicados anteriormente.  <\/div>\n<div>El consentimiento otorgado puede revocarse en cualquier momento poni\u00e9ndose en contacto con el titular en la direcci\u00f3n de correo electr\u00f3nico facilitada.<\/div>\n<p>Asimismo, le recordamos su derecho a presentar una reclamaci\u00f3n ante la autoridad de control, en Italia representada por el Garante per la protezione dei dati personali<a href=\"http:\/\/www.garanteprivacy.it\/\" target=\"_blank\" rel=\"noopener noreferrer\">(www.garanteprivacy.it)<\/a>.<br \/>Encontrar\u00e1 m\u00e1s informaci\u00f3n sobre el responsable del tratamiento de los datos y sobre las modalidades de tratamiento resultantes de la navegaci\u00f3n por este sitio en la p\u00e1gina de presentaci\u00f3n de la <a href=\"https:\/\/www.faresin.com\/privacy-policy\/\">Pol\u00edtica de confidencialidad<\/a> del sitio.<\/p>\n<\/div>\n<\/div>\n<\/div>\n<\/div>\n<\/section>\n<section class=\"page-article\">\n<div class=\"page-article-stack\">\n<div class=\"page-article-main\">\n<h4 class=\"page-article-title\">FORMULARIO DE SOLICITUD DE PRESUPUESTO<\/h4>\n<div class=\"page-article-content\">\n<div><a name=\"preventivo\"><\/a><\/div>\n<div>\n<p>Informaci\u00f3n con arreglo al art. 13 del Reglamento Europeo de Protecci\u00f3n de Datos (GDPR &#8211; EU Reg. 679\/16) <\/p>\n<div>De conformidad con el art. 13 del Reglamento UE 679\/16 se le facilita la siguiente informaci\u00f3n sobre el tratamiento que puede tener lugar como consecuencia de la cumplimentaci\u00f3n y env\u00edo de los datos del formulario que va a cumplimentar.<\/div>\n<div>El responsable del tratamiento de los datos es Faresin Industries Spa con domicilio social y administrativo en via dell&#8217;Artigianato 36, 36042 Breganze (VI). Inscrita en el registro mercantil de Vicenza con el n\u00famero de IVA y el c\u00f3digo fiscal 03542090281 y puede ser contactada en <a href=\"mailto:faresin@faresin.com\">faresin@faresin.com.<\/a><\/div>\n<div>Los datos del formulario se utilizar\u00e1n, tras la expresi\u00f3n de su consentimiento al tratamiento de datos personales, para el siguiente fin:<\/div>\n<div>&#8211; Atender su solicitud de informaci\u00f3n y\/o servicios.<\/div>\n<div> <\/div>\n<div>La finalidad antes mencionada se perseguir\u00e1 tras la expresi\u00f3n facultativa de su consentimiento en la forma indicada en la p\u00e1gina de recogida de sus datos.<\/div>\n<div>Tenga en cuenta que los datos marcados con un * (asterisco) deben facilitarse para poder beneficiarse de los servicios que pretende solicitar; si no se cumplimentan estos datos, puede que no sea posible prestarle estos servicios y que los propios datos no se adquieran. Rellenar los dem\u00e1s datos del formulario es opcional y usted es libre de decidir si los rellena o no.<\/div>\n<div>Los datos que haya comunicado podr\u00e1n ser comunicados a los encargados del tratamiento que participen en la prestaci\u00f3n de los servicios que haya solicitado o en la gesti\u00f3n t\u00e9cnica del sitio (limitada a los casos en que resulte indispensable) y a los terceros que participen en la realizaci\u00f3n de las mismas actividades en calidad de encargados del tratamiento.<\/div>\n<div>Adem\u00e1s, los datos comunicados podr\u00e1n ser transmitidos a nuestra organizaci\u00f3n de ventas directas e indirectas para responder a su solicitud.<\/div>\n<div>Los datos se conservar\u00e1n hasta la finalizaci\u00f3n de los servicios solicitados o hasta que se solicite su supresi\u00f3n, y en el caso de obligaciones normativas podr\u00e1n conservarse en archivos espec\u00edficos durante el plazo estrictamente necesario para estos fines.<\/div>\n<div>Le recordamos que puede ejercer su derecho a solicitar al responsable del tratamiento el acceso, la rectificaci\u00f3n, la supresi\u00f3n o la limitaci\u00f3n de sus datos personales y a oponerse a dicho tratamiento, as\u00ed como su derecho a la portabilidad de los datos; puede ejercer estos derechos utilizando los datos de contacto indicados anteriormente.  <\/div>\n<div>El consentimiento otorgado puede revocarse en cualquier momento poni\u00e9ndose en contacto con el titular en la direcci\u00f3n de correo electr\u00f3nico facilitada.<\/div>\n<p>Asimismo, le recordamos su derecho a presentar una reclamaci\u00f3n ante la autoridad de control, en Italia representada por el Garante per la protezione dei dati personali<a href=\"http:\/\/www.garanteprivacy.it\/\" target=\"_blank\" rel=\"noopener noreferrer\">(www.garanteprivacy.it)<\/a>.<br \/>Encontrar\u00e1 m\u00e1s informaci\u00f3n sobre el responsable del tratamiento de los datos y sobre las modalidades de tratamiento resultantes de la navegaci\u00f3n por este sitio en la p\u00e1gina de presentaci\u00f3n de la <a href=\"https:\/\/www.faresin.com\/privacy-policy\/\">Pol\u00edtica de confidencialidad<\/a> del sitio.<\/p>\n<\/div>\n<\/div>\n<\/div>\n<\/div>\n<\/section>\n<section class=\"page-article\">\n<div class=\"page-article-stack\">\n<div class=\"page-article-main\">\n<h4 class=\"page-article-title\">FORMULARIO DE RESERVA DE VISITA DE EMPRESA<\/h4>\n<div class=\"page-article-content\">\n<div><a name=\"prenotazione\"><\/a><\/div>\n<div>\n<p>Informaci\u00f3n con arreglo al art. 13 del Reglamento Europeo de Protecci\u00f3n de Datos (GDPR &#8211; EU Reg. 679\/16)<\/p>\n<div>De conformidad con el art. 13 del Reglamento UE 679\/16 se le facilita la siguiente informaci\u00f3n sobre el tratamiento que puede tener lugar como consecuencia de la cumplimentaci\u00f3n y env\u00edo de los datos del formulario que va a cumplimentar.<\/div>\n<div>El responsable del tratamiento de los datos es Faresin Industries Spa con domicilio social y administrativo en via dell&#8217;Artigianato 36, 36042 Breganze (VI). Inscrita en el registro mercantil de Vicenza con el n\u00famero de IVA y el c\u00f3digo fiscal 03542090281 y puede ser contactada en <a href=\"mailto:faresin@faresin.com\">faresin@faresin.com.<\/a><\/div>\n<div>Los datos del formulario se utilizar\u00e1n, tras la expresi\u00f3n de su consentimiento al tratamiento de datos personales, para el siguiente fin:<\/div>\n<div>&#8211; Atender su solicitud de informaci\u00f3n y\/o servicios.<\/div>\n<div> <\/div>\n<div>La finalidad antes mencionada se perseguir\u00e1 tras la expresi\u00f3n facultativa de su consentimiento en la forma indicada en la p\u00e1gina de recogida de sus datos.<\/div>\n<div>Tenga en cuenta que los datos marcados con un * (asterisco) son obligatorios para poder beneficiarse de los servicios que pretende solicitar; si no se cumplimentan, puede que no sea posible prestarle dichos servicios y que los datos en s\u00ed no se adquieran. Rellenar los dem\u00e1s datos del formulario es opcional y usted es libre de decidir si los rellena o no.<\/div>\n<div>Los datos que haya comunicado podr\u00e1n ser comunicados a los encargados del tratamiento que participen en la prestaci\u00f3n de los servicios que haya solicitado o en la gesti\u00f3n t\u00e9cnica del sitio (limitada a los casos en que resulte indispensable) y a los terceros que participen en la realizaci\u00f3n de las mismas actividades en calidad de encargados del tratamiento.<\/div>\n<div>Adem\u00e1s, los datos comunicados podr\u00e1n ser transmitidos a nuestra organizaci\u00f3n de ventas directas e indirectas para responder a su solicitud.<\/div>\n<div>Los datos se conservar\u00e1n hasta la finalizaci\u00f3n de los servicios solicitados o hasta que se solicite su supresi\u00f3n, y en el caso de obligaciones normativas podr\u00e1n conservarse en archivos espec\u00edficos durante el plazo estrictamente necesario para estos fines.<\/div>\n<div>Le recordamos que puede ejercer su derecho a solicitar al responsable del tratamiento el acceso, la rectificaci\u00f3n, la supresi\u00f3n o la limitaci\u00f3n de sus datos personales y a oponerse a dicho tratamiento, as\u00ed como su derecho a la portabilidad de los datos; puede ejercer estos derechos utilizando los datos de contacto indicados anteriormente.  <\/div>\n<div>El consentimiento otorgado puede revocarse en cualquier momento poni\u00e9ndose en contacto con el titular en la direcci\u00f3n de correo electr\u00f3nico facilitada.<\/div>\n<div> <\/div>\n<p>Asimismo, le recordamos su derecho a presentar una reclamaci\u00f3n ante la autoridad de control, en Italia representada por el Garante per la protezione dei dati personali<a href=\"http:\/\/www.garanteprivacy.it\/\" target=\"_blank\" rel=\"noopener noreferrer\">(www.garanteprivacy.it)<\/a>.<br \/>Encontrar\u00e1 m\u00e1s informaci\u00f3n sobre el responsable del tratamiento de los datos y sobre las modalidades de tratamiento resultantes de la navegaci\u00f3n por este sitio en la p\u00e1gina de presentaci\u00f3n de la <a href=\"https:\/\/www.faresin.com\/privacy-policy\/\">Pol\u00edtica de confidencialidad<\/a> del sitio.<\/p>\n<\/div>\n<\/div>\n<\/div>\n<\/div>\n<\/section>\n<section class=\"page-article\">\n<div class=\"page-article-stack\">\n<div class=\"page-article-main\">\n<h4 class=\"page-article-title\">FORMULARIO PARA CONVERTIRSE EN DISTRIBUIDOR<\/h4>\n<div class=\"page-article-content\">\n<div><a name=\"dealer\"><\/a><\/div>\n<div>Informaci\u00f3n con arreglo al art. 13 del Reglamento Europeo de Protecci\u00f3n de Datos (GDPR &#8211; EU Reg. 679\/16) <\/div>\n<div>\n<div>\n<div>De conformidad con el art. 13 del Reglamento UE 679\/16 se le facilita la siguiente informaci\u00f3n sobre el tratamiento que puede tener lugar como consecuencia de la cumplimentaci\u00f3n y env\u00edo de los datos del formulario que va a cumplimentar.<\/div>\n<div>El responsable del tratamiento de los datos es Faresin Industries Spa con domicilio social y administrativo en via dell&#8217;Artigianato 36, 36042 Breganze (VI). Inscrita en el registro mercantil de Vicenza con el n\u00famero de IVA y el c\u00f3digo fiscal 03542090281 y puede ser contactada en <a href=\"mailto:faresin@faresin.com\">faresin@faresin.com.<\/a><\/div>\n<div>Los datos del formulario se utilizar\u00e1n, tras la expresi\u00f3n de su consentimiento al tratamiento de datos personales, para el siguiente fin:<\/div>\n<div>&#8211; Para proceder al registro de datos en la secci\u00f3n dedicada.<\/div>\n<div>La finalidad antes mencionada se perseguir\u00e1 tras la expresi\u00f3n facultativa de su consentimiento en la forma indicada en la p\u00e1gina de recogida de sus datos.<\/div>\n<div>Tenga en cuenta que los datos marcados con un * (asterisco) son obligatorios para poder beneficiarse de los servicios que pretende solicitar; si no se cumplimentan, puede que no sea posible prestarle dichos servicios y que los datos en s\u00ed no se adquieran. Rellenar los dem\u00e1s datos del formulario es opcional y usted es libre de decidir si los rellena o no.<\/div>\n<div>Los datos que haya comunicado podr\u00e1n ser comunicados a los encargados del tratamiento que participen en la prestaci\u00f3n de los servicios que haya solicitado o en la gesti\u00f3n t\u00e9cnica del sitio (limitada a los casos en que resulte indispensable) y a los terceros que participen en la realizaci\u00f3n de las mismas actividades que los encargados del tratamiento.<\/div>\n<div>Adem\u00e1s, los datos comunicados podr\u00e1n ser transmitidos a nuestra organizaci\u00f3n de ventas directas e indirectas para responder a su solicitud.<\/div>\n<div>Los datos se conservar\u00e1n hasta que finalicen los servicios solicitados o se solicite su supresi\u00f3n y, en el caso de obligaciones normativas, podr\u00e1n conservarse en archivos espec\u00edficos durante el plazo estrictamente necesario para tales fines.<\/div>\n<div>Le recordamos que puede ejercer su derecho a solicitar al responsable del tratamiento el acceso, la rectificaci\u00f3n, la supresi\u00f3n o la limitaci\u00f3n de sus datos personales y a oponerse a dicho tratamiento, as\u00ed como su derecho a la portabilidad de los datos; puede ejercer estos derechos utilizando los datos de contacto indicados anteriormente.  <\/div>\n<div>El consentimiento otorgado puede revocarse en cualquier momento poni\u00e9ndose en contacto con el titular en la direcci\u00f3n de correo electr\u00f3nico facilitada.<\/div>\n<\/div>\n<div> <\/div>\n<\/div>\n<div>Asimismo, le recordamos su derecho a presentar una reclamaci\u00f3n ante la autoridad de control, en Italia representada por el Garante per la protezione dei dati personali<a href=\"http:\/\/www.garanteprivacy.it\/\" target=\"_blank\" rel=\"noopener noreferrer\">(www.garanteprivacy.it)<\/a>.<br \/>Encontrar\u00e1 m\u00e1s informaci\u00f3n sobre el responsable del tratamiento de los datos y sobre las modalidades de tratamiento resultantes de la navegaci\u00f3n por este sitio en la p\u00e1gina de presentaci\u00f3n de la <a href=\"https:\/\/www.faresin.com\/privacy-policy\/\">Pol\u00edtica de confidencialidad <\/a>del sitio.<\/div>\n<\/div>\n<\/div>\n<\/div>\n<\/section>\n<section class=\"page-article\">\n<div class=\"page-article-stack\">\n<div class=\"page-article-main\">\n<h4 class=\"page-article-title\">FORMULARIO DE SOLICITUD<\/h4>\n<div class=\"page-article-content\">\n<div><a name=\"candidatura\"><\/a><\/div>\n<div>\n<div>\n<div>Informaci\u00f3n con arreglo al art. 13 del Reglamento Europeo de Protecci\u00f3n de Datos (GDPR &#8211; EU Reg. 679\/16)<\/div>\n<div>De conformidad con el art. 13 del Reglamento UE 679\/16 se le facilita la siguiente informaci\u00f3n sobre el tratamiento que puede tener lugar como consecuencia de la cumplimentaci\u00f3n y env\u00edo de los datos del formulario que va a cumplimentar.  <\/div>\n<div>El responsable del tratamiento de los datos es Faresin Industries Spa con domicilio social y administrativo en via dell&#8217;Artigianato 36, 36042 Breganze (VI). Inscrita en el registro mercantil de Vicenza con el n\u00famero de IVA y el c\u00f3digo fiscal 03542090281 y puede ser contactada en <a href=\"mailto:faresin@faresin.com\">faresin@faresin.com.<\/a><\/div>\n<div>Los datos del formulario se utilizar\u00e1n, tras la expresi\u00f3n de su consentimiento al tratamiento de datos personales, para el siguiente fin:<\/div>\n<div>&#8211; Examinar su candidatura para valorar el posible inter\u00e9s en el futuro establecimiento de una relaci\u00f3n contractual a determinar en su contenido.<\/div>\n<div>La finalidad antes mencionada se perseguir\u00e1 tras la expresi\u00f3n facultativa de su consentimiento en la forma indicada en la p\u00e1gina de recogida de sus datos.<\/div>\n<div>Tenga en cuenta que los datos marcados con un * (asterisco) son obligatorios para poder beneficiarse de los servicios que pretende solicitar; si no se cumplimentan, puede que no sea posible prestarle dichos servicios y que los datos en s\u00ed no se adquieran. Rellenar los dem\u00e1s datos del formulario es opcional y usted es libre de decidir si los rellena o no.  <\/div>\n<div>Los datos que haya comunicado podr\u00e1n ser comunicados a los encargados del tratamiento que participen en la prestaci\u00f3n de los servicios que haya solicitado o en la gesti\u00f3n t\u00e9cnica del sitio (limitada a los casos en que resulte indispensable) y a los terceros que participen en la realizaci\u00f3n de las mismas actividades que los encargados del tratamiento.  <\/div>\n<div>Adem\u00e1s, los datos comunicados podr\u00e1n ser cedidos a otras empresas del grupo, para la evaluaci\u00f3n de su solicitud.  <\/div>\n<div>Los datos se conservar\u00e1n durante 24 meses, salvo pr\u00f3rroga para puestos concretos o hasta que se solicite su supresi\u00f3n, y en el caso de obligaciones reglamentarias, podr\u00e1n conservarse en archivos espec\u00edficos durante el plazo estrictamente necesario para tales fines.  <\/div>\n<div>Le recordamos que puede ejercer su derecho a solicitar al responsable del tratamiento el acceso, la rectificaci\u00f3n, la supresi\u00f3n o la limitaci\u00f3n de sus datos personales y a oponerse a dicho tratamiento, as\u00ed como el derecho a la portabilidad de los datos; puede ejercer estos derechos utilizando los datos de contacto indicados anteriormente.  <\/div>\n<div>El consentimiento otorgado puede revocarse en cualquier momento poni\u00e9ndose en contacto con el titular en la direcci\u00f3n de correo electr\u00f3nico facilitada.<\/div>\n<\/div>\n<p>Asimismo, le recordamos su derecho a presentar una reclamaci\u00f3n ante la autoridad de control, en Italia representada por el Garante per la protezione dei dati personali<a href=\"http:\/\/www.garanteprivacy.it\/\" target=\"_blank\" rel=\"noopener noreferrer\">(www.garanteprivacy.it)<\/a>.<br \/>Encontrar\u00e1 m\u00e1s informaci\u00f3n sobre el responsable del tratamiento de los datos y sobre las modalidades de tratamiento resultantes de la navegaci\u00f3n por este sitio en la p\u00e1gina de presentaci\u00f3n de la <a href=\"https:\/\/www.faresin.com\/privacy-policy\/\">Pol\u00edtica de confidencialidad<\/a> del sitio.<\/p>\n<\/div>\n<\/div>\n<\/div>\n<\/div>\n<\/section>\n<section class=\"page-article\">\n<div class=\"page-article-stack\">\n<div class=\"page-article-main\">\n<div class=\"page-article-content\">\n<div> <\/div>\n<\/div>\n<\/div>\n<\/div>\n<\/section>\n\t\t\t\t\t\t\t\t<\/div>\n\t\t\t\t<\/div>\n\t\t\t\t\t<\/div>\n\t\t<\/div>\n\t\t\t\t\t<\/div>\n\t\t<\/section>\n\t\t\t\t<\/div>\n\t\t","protected":false},"excerpt":{"rendered":"<p>Informativo Informaci\u00f3n con arreglo al art. 13 del Reglamento Europeo de Protecci\u00f3n de Datos (GDPR &#8211; EU Reg. 679\/16) \u00cdndice FORMULARIO DE SOLICITUD DE INFORMACI\u00d3N Informaci\u00f3n con arreglo al art. 13 del Reglamento Europeo de Protecci\u00f3n de Datos (GDPR &#8211; EU Reg. 679\/16) De conformidad con el art. 13 del Reglamento UE 679\/16 se le [&hellip;]<\/p>\n","protected":false},"author":1,"featured_media":0,"parent":0,"menu_order":0,"comment_status":"closed","ping_status":"closed","template":"elementor_header_footer","meta":{"_acf_changed":false,"footnotes":""},"class_list":["post-56810","page","type-page","status-publish","hentry"],"acf":[],"_links":{"self":[{"href":"https:\/\/www.faresin.com\/es\/wp-json\/wp\/v2\/pages\/56810","targetHints":{"allow":["GET"]}}],"collection":[{"href":"https:\/\/www.faresin.com\/es\/wp-json\/wp\/v2\/pages"}],"about":[{"href":"https:\/\/www.faresin.com\/es\/wp-json\/wp\/v2\/types\/page"}],"author":[{"embeddable":true,"href":"https:\/\/www.faresin.com\/es\/wp-json\/wp\/v2\/users\/1"}],"replies":[{"embeddable":true,"href":"https:\/\/www.faresin.com\/es\/wp-json\/wp\/v2\/comments?post=56810"}],"version-history":[{"count":0,"href":"https:\/\/www.faresin.com\/es\/wp-json\/wp\/v2\/pages\/56810\/revisions"}],"wp:attachment":[{"href":"https:\/\/www.faresin.com\/es\/wp-json\/wp\/v2\/media?parent=56810"}],"curies":[{"name":"wp","href":"https:\/\/api.w.org\/{rel}","templated":true}]}}