{"id":57230,"date":"2022-04-08T14:23:48","date_gmt":"2022-04-08T12:23:48","guid":{"rendered":"https:\/\/www.faresin.com\/fundacion\/"},"modified":"2023-09-21T10:44:36","modified_gmt":"2023-09-21T08:44:36","slug":"fundacion","status":"publish","type":"page","link":"https:\/\/www.faresin.com\/es\/fundacion\/","title":{"rendered":"Fundaci\u00f3n"},"content":{"rendered":"\t\t<div data-elementor-type=\"wp-page\" data-elementor-id=\"57230\" class=\"elementor elementor-57230 elementor-3324\" data-elementor-post-type=\"page\">\n\t\t\t\t\t\t<section class=\"elementor-section elementor-top-section elementor-element elementor-element-10a1d205 elementor-section-height-min-height elementor-section-items-stretch elementor-section-full_width elementor-section-height-default\" data-id=\"10a1d205\" data-element_type=\"section\" data-e-type=\"section\">\n\t\t\t\t\t\t<div class=\"elementor-container elementor-column-gap-default\">\n\t\t\t\t\t<div class=\"elementor-column elementor-col-50 elementor-top-column elementor-element elementor-element-2d7c5aba\" data-id=\"2d7c5aba\" data-element_type=\"column\" data-e-type=\"column\" data-settings=\"{&quot;background_background&quot;:&quot;classic&quot;}\">\n\t\t\t<div class=\"elementor-widget-wrap elementor-element-populated\">\n\t\t\t\t\t\t<div data-dce-title-color=\"#000000\" class=\"elementor-element elementor-element-4d12779 elementor-widget elementor-widget-heading\" data-id=\"4d12779\" data-element_type=\"widget\" data-e-type=\"widget\" data-widget_type=\"heading.default\">\n\t\t\t\t<div class=\"elementor-widget-container\">\n\t\t\t\t\t<h1 class=\"elementor-heading-title elementor-size-medium\">Fundaci\u00f3n<\/h1>\t\t\t\t<\/div>\n\t\t\t\t<\/div>\n\t\t\t\t<div data-dce-title-color=\"#282C2C\" class=\"elementor-element elementor-element-ac198a1 elementor-widget elementor-widget-heading\" data-id=\"ac198a1\" data-element_type=\"widget\" data-e-type=\"widget\" data-widget_type=\"heading.default\">\n\t\t\t\t<div class=\"elementor-widget-container\">\n\t\t\t\t\t<div class=\"elementor-heading-title elementor-size-xl\">Mons. Camillo Faresin Onlus<\/div>\t\t\t\t<\/div>\n\t\t\t\t<\/div>\n\t\t\t\t<div class=\"elementor-element elementor-element-35509da elementor-widget elementor-widget-text-editor\" data-id=\"35509da\" data-element_type=\"widget\" data-e-type=\"widget\" data-widget_type=\"text-editor.default\">\n\t\t\t\t<div class=\"elementor-widget-container\">\n\t\t\t\t\t\t\t\t\t<p>La Fundaci\u00f3n Mons. Camillo Faresin Onlus, creada en enero de 2004, es apol\u00edtica, sin \u00e1nimo de lucro y ninguno de sus miembros puede ser remunerado por el trabajo que realiza en su nombre. Persigue exclusivamente fines de solidaridad social hacia personas desfavorecidas y miembros de comunidades extranjeras, limit\u00e1ndose a la ayuda humanitaria en los \u00e1mbitos de:<\/p>\n<p><span style=\"color: var( --e-global-color-text ); font-family: var( --e-global-typography-text-font-family ), Sans-serif; font-weight: var( --e-global-typography-text-font-weight );\">&nbsp;<\/span><\/p>\n<ul>\n<li><span style=\"color: var( --e-global-color-text ); font-family: var( --e-global-typography-text-font-family ), Sans-serif; font-weight: var( --e-global-typography-text-font-weight );\">atenci\u00f3n social y sociosanitaria;<\/span><\/li>\n<li>atenci\u00f3n sanitaria;<\/li>\n<li>promoci\u00f3n de iniciativas, condiciones y oportunidades de trabajo que favorezcan el crecimiento social y econ\u00f3mico.<\/li>\n<\/ul>\t\t\t\t\t\t\t\t<\/div>\n\t\t\t\t<\/div>\n\t\t\t\t\t<\/div>\n\t\t<\/div>\n\t\t\t\t<div class=\"elementor-column elementor-col-50 elementor-top-column elementor-element elementor-element-3aa1ea4c\" data-id=\"3aa1ea4c\" data-element_type=\"column\" data-e-type=\"column\" data-settings=\"{&quot;background_background&quot;:&quot;classic&quot;}\">\n\t\t\t<div class=\"elementor-widget-wrap elementor-element-populated\">\n\t\t\t\t\t\t<div class=\"elementor-element elementor-element-313290d elementor-widget elementor-widget-image\" data-id=\"313290d\" data-element_type=\"widget\" data-e-type=\"widget\" data-widget_type=\"image.default\">\n\t\t\t\t<div class=\"elementor-widget-container\">\n\t\t\t\t\t\t\t\t\t\t\t\t\t\t\t<img decoding=\"async\" width=\"710\" height=\"400\" src=\"https:\/\/www.faresin.com\/wp-content\/uploads\/2022\/04\/mon-camillo-faresin.jpg\" class=\"elementor-animation-float attachment-full size-full wp-image-16607\" alt=\"\" srcset=\"https:\/\/www.faresin.com\/wp-content\/uploads\/2022\/04\/mon-camillo-faresin.jpg 710w, https:\/\/www.faresin.com\/wp-content\/uploads\/2022\/04\/mon-camillo-faresin-600x338.jpg 600w, https:\/\/www.faresin.com\/wp-content\/uploads\/2022\/04\/mon-camillo-faresin-300x169.jpg 300w\" sizes=\"(max-width: 710px) 100vw, 710px\">\t\t\t\t\t\t\t\t\t\t\t\t\t\t\t<\/div>\n\t\t\t\t<\/div>\n\t\t\t\t\t<\/div>\n\t\t<\/div>\n\t\t\t\t\t<\/div>\n\t\t<\/section>\n\t\t\t\t<section class=\"elementor-section elementor-top-section elementor-element elementor-element-6ec9173e elementor-section-boxed elementor-section-height-default elementor-section-height-default\" data-id=\"6ec9173e\" data-element_type=\"section\" data-e-type=\"section\">\n\t\t\t\t\t\t<div class=\"elementor-container elementor-column-gap-default\">\n\t\t\t\t\t<div class=\"elementor-column elementor-col-50 elementor-top-column elementor-element elementor-element-23da1c3d\" data-id=\"23da1c3d\" data-element_type=\"column\" data-e-type=\"column\">\n\t\t\t<div class=\"elementor-widget-wrap elementor-element-populated\">\n\t\t\t\t\t\t<div class=\"elementor-element elementor-element-da35105 elementor-hidden-tablet elementor-hidden-mobile elementor-widget-divider--separator-type-pattern elementor-widget-divider--view-line elementor-widget elementor-widget-divider\" data-id=\"da35105\" data-element_type=\"widget\" data-e-type=\"widget\" data-widget_type=\"divider.default\">\n\t\t\t\t<div class=\"elementor-widget-container\">\n\t\t\t\t\t\t\t<div class=\"elementor-divider\" style=\"--divider-pattern-url: url(&quot;data:image\/svg+xml,%3Csvg xmlns=&#039;http:\/\/www.w3.org\/2000\/svg&#039; preserveAspectRatio=&#039;none&#039; overflow=&#039;visible&#039; height=&#039;100%&#039; viewBox=&#039;0 0 20 16&#039; fill=&#039;none&#039; stroke=&#039;black&#039; stroke-width=&#039;2.2&#039; stroke-linecap=&#039;square&#039; stroke-miterlimit=&#039;10&#039;%3E%3Cg transform=&#039;translate(-12.000000, 0)&#039;%3E%3Cpath d=&#039;M28,0L10,18&#039;\/%3E%3Cpath d=&#039;M18,0L0,18&#039;\/%3E%3Cpath d=&#039;M48,0L30,18&#039;\/%3E%3Cpath d=&#039;M38,0L20,18&#039;\/%3E%3C\/g%3E%3C\/svg%3E&quot;);\">\n\t\t\t<span class=\"elementor-divider-separator\">\n\t\t\t\t\t\t<\/span>\n\t\t<\/div>\n\t\t\t\t\t\t<\/div>\n\t\t\t\t<\/div>\n\t\t\t\t<div class=\"elementor-element elementor-element-b20aa17 elementor-widget elementor-widget-heading\" data-id=\"b20aa17\" data-element_type=\"widget\" data-e-type=\"widget\" data-widget_type=\"heading.default\">\n\t\t\t\t<div class=\"elementor-widget-container\">\n\t\t\t\t\t<h2 class=\"elementor-heading-title elementor-size-medium\">Nacimiento<\/h2>\t\t\t\t<\/div>\n\t\t\t\t<\/div>\n\t\t\t\t<div data-dce-title-color=\"#282C2C\" class=\"elementor-element elementor-element-356b198 elementor-widget elementor-widget-heading\" data-id=\"356b198\" data-element_type=\"widget\" data-e-type=\"widget\" data-widget_type=\"heading.default\">\n\t\t\t\t<div class=\"elementor-widget-container\">\n\t\t\t\t\t<div class=\"elementor-heading-title elementor-size-default\">Fundaci\u00f3n<\/div>\t\t\t\t<\/div>\n\t\t\t\t<\/div>\n\t\t\t\t<div class=\"elementor-element elementor-element-68c6fa63 elementor-widget elementor-widget-image\" data-id=\"68c6fa63\" data-element_type=\"widget\" data-e-type=\"widget\" data-widget_type=\"image.default\">\n\t\t\t\t<div class=\"elementor-widget-container\">\n\t\t\t\t\t\t\t\t\t\t\t\t\t\t\t<img decoding=\"async\" width=\"940\" height=\"600\" src=\"https:\/\/www.faresin.com\/wp-content\/uploads\/2022\/04\/insieme-aiutiamo-il-mondo.jpg\" class=\"elementor-animation-float attachment-full size-full wp-image-16614\" alt=\"\" srcset=\"https:\/\/www.faresin.com\/wp-content\/uploads\/2022\/04\/insieme-aiutiamo-il-mondo.jpg 940w, https:\/\/www.faresin.com\/wp-content\/uploads\/2022\/04\/insieme-aiutiamo-il-mondo-600x383.jpg 600w, https:\/\/www.faresin.com\/wp-content\/uploads\/2022\/04\/insieme-aiutiamo-il-mondo-300x191.jpg 300w, https:\/\/www.faresin.com\/wp-content\/uploads\/2022\/04\/insieme-aiutiamo-il-mondo-768x490.jpg 768w\" sizes=\"(max-width: 940px) 100vw, 940px\">\t\t\t\t\t\t\t\t\t\t\t\t\t\t\t<\/div>\n\t\t\t\t<\/div>\n\t\t\t\t\t<\/div>\n\t\t<\/div>\n\t\t\t\t<div class=\"elementor-column elementor-col-50 elementor-top-column elementor-element elementor-element-223fe1d8\" data-id=\"223fe1d8\" data-element_type=\"column\" data-e-type=\"column\">\n\t\t\t<div class=\"elementor-widget-wrap elementor-element-populated\">\n\t\t\t\t\t\t<div class=\"elementor-element elementor-element-e4ecd88 elementor-widget elementor-widget-text-editor\" data-id=\"e4ecd88\" data-element_type=\"widget\" data-e-type=\"widget\" data-widget_type=\"text-editor.default\">\n\t\t\t\t<div class=\"elementor-widget-container\">\n\t\t\t\t\t\t\t\t\t<p>La Fundaci\u00f3n se estableci\u00f3 principalmente en Guiratinga, en el Mato Grosso brasile\u00f1o, donde Monse\u00f1or Camillo y Don Santo Faresin dedicaron sus vidas como misioneros salesianos. El Consejo de la Fundaci\u00f3n tiene contacto directo con la Di\u00f3cesis de Guiratinga a trav\u00e9s de la presencia de las Hermanas de la Divina Voluntad de Bassano del Grappa y del Obispo de Guiratinga. Gracias a estas personas, se nombr\u00f3 un comit\u00e9 en Guiratinga para proponer proyectos que representen las necesidades reales de la comunidad. Los proyectos de la Fundaci\u00f3n Mons. Camillo Faresin Onlus se refieren a:<\/p>\n<ul>\n<li>apoyo a los seminaristas de la di\u00f3cesis de Guiratinga;<\/li>\n<li>el apoyo a cursos para la formaci\u00f3n educativa y laboral de los j\u00f3venes de la di\u00f3cesis;<\/li>\n<li>apoyo a la artesan\u00eda femenina;<\/li>\n<li>apoyo a la casa de reposo Gaetana Sterni y a sus ancianos;<\/li>\n<li>apoyo a las familias m\u00e1s necesitadas mediante la financiaci\u00f3n de \u00abCestas b\u00e1sicas\u00bb con art\u00edculos de primera necesidad.<\/li>\n<\/ul>\n<div><span style=\"font-family: -apple-system, BlinkMacSystemFont, Segoe UI, Roboto, Oxygen-Sans, Ubuntu, Cantarell, Helvetica Neue, sans-serif;\"> <\/span><\/div>\n<p>Hoy, la mano del obispo Camillo Faresin sigue tendida hacia el otro, gracias a la Fundaci\u00f3n que lleva su nombre. Sudam\u00e9rica, \u00c1frica, Asia, Europa: dondequiera que haya necesidad de ayuda y solidaridad, all\u00ed est\u00e1 la Fundaci\u00f3n Mons. Camillo Faresin Onlus. Recauda fondos, colabora con organizaciones sin \u00e1nimo de lucro y, gracias al apoyo de donaciones, ampl\u00eda gradualmente su alcance. As\u00ed contin\u00faa el ejemplo de un hombre. Con toda su fuerza.<\/p>\n\t\t\t\t\t\t\t\t<\/div>\n\t\t\t\t<\/div>\n\t\t\t\t\t<\/div>\n\t\t<\/div>\n\t\t\t\t\t<\/div>\n\t\t<\/section>\n\t\t\t\t<\/div>\n\t\t","protected":false},"excerpt":{"rendered":"<p>Fundaci\u00f3n Mons. Camillo Faresin Onlus La Fundaci\u00f3n Mons. Camillo Faresin Onlus, creada en enero de 2004, es apol\u00edtica, sin \u00e1nimo de lucro y ninguno de sus miembros puede ser remunerado por el trabajo que realiza en su nombre. Persigue exclusivamente fines de solidaridad social hacia personas desfavorecidas y miembros de comunidades extranjeras, limit\u00e1ndose a la [&hellip;]<\/p>\n","protected":false},"author":1,"featured_media":0,"parent":0,"menu_order":0,"comment_status":"open","ping_status":"closed","template":"elementor_header_footer","meta":{"_acf_changed":false,"footnotes":""},"class_list":["post-57230","page","type-page","status-publish","hentry"],"acf":[],"_links":{"self":[{"href":"https:\/\/www.faresin.com\/es\/wp-json\/wp\/v2\/pages\/57230","targetHints":{"allow":["GET"]}}],"collection":[{"href":"https:\/\/www.faresin.com\/es\/wp-json\/wp\/v2\/pages"}],"about":[{"href":"https:\/\/www.faresin.com\/es\/wp-json\/wp\/v2\/types\/page"}],"author":[{"embeddable":true,"href":"https:\/\/www.faresin.com\/es\/wp-json\/wp\/v2\/users\/1"}],"replies":[{"embeddable":true,"href":"https:\/\/www.faresin.com\/es\/wp-json\/wp\/v2\/comments?post=57230"}],"version-history":[{"count":0,"href":"https:\/\/www.faresin.com\/es\/wp-json\/wp\/v2\/pages\/57230\/revisions"}],"wp:attachment":[{"href":"https:\/\/www.faresin.com\/es\/wp-json\/wp\/v2\/media?parent=57230"}],"curies":[{"name":"wp","href":"https:\/\/api.w.org\/{rel}","templated":true}]}}