{"id":56796,"date":"2022-08-26T09:56:06","date_gmt":"2022-08-26T07:56:06","guid":{"rendered":"https:\/\/www.faresin.com\/avis-de-non-responsabilite\/"},"modified":"2023-01-27T08:31:56","modified_gmt":"2023-01-27T07:31:56","slug":"avis-de-non-responsabilite","status":"publish","type":"page","link":"https:\/\/www.faresin.com\/fr\/avis-de-non-responsabilite\/","title":{"rendered":"Avis de non-responsabilit\u00e9"},"content":{"rendered":"\t\t<div data-elementor-type=\"wp-page\" data-elementor-id=\"56796\" class=\"elementor elementor-56796 elementor-14023\" data-elementor-post-type=\"page\">\n\t\t\t\t\t\t<section class=\"elementor-section elementor-top-section elementor-element elementor-element-0c1285d elementor-section-boxed elementor-section-height-default elementor-section-height-default\" data-id=\"0c1285d\" data-element_type=\"section\" data-e-type=\"section\" data-settings=\"{&quot;background_background&quot;:&quot;classic&quot;}\">\n\t\t\t\t\t\t<div class=\"elementor-container elementor-column-gap-default\">\n\t\t\t\t\t<div class=\"elementor-column elementor-col-100 elementor-top-column elementor-element elementor-element-a5e6c3d\" data-id=\"a5e6c3d\" data-element_type=\"column\" data-e-type=\"column\" data-settings=\"{&quot;background_background&quot;:&quot;classic&quot;}\">\n\t\t\t<div class=\"elementor-widget-wrap elementor-element-populated\">\n\t\t\t\t\t\t<div class=\"elementor-element elementor-element-270d6d1 elementor-widget elementor-widget-heading\" data-id=\"270d6d1\" data-element_type=\"widget\" data-e-type=\"widget\" data-widget_type=\"heading.default\">\n\t\t\t\t<div class=\"elementor-widget-container\">\n\t\t\t\t\t<h1 class=\"elementor-heading-title elementor-size-default\">Avis de non-responsabilit\u00e9<\/h1>\t\t\t\t<\/div>\n\t\t\t\t<\/div>\n\t\t\t\t\t<\/div>\n\t\t<\/div>\n\t\t\t\t\t<\/div>\n\t\t<\/section>\n\t\t\t\t<section class=\"elementor-section elementor-top-section elementor-element elementor-element-c6f0c1d elementor-section-boxed elementor-section-height-default elementor-section-height-default\" data-id=\"c6f0c1d\" data-element_type=\"section\" data-e-type=\"section\">\n\t\t\t\t\t\t<div class=\"elementor-container elementor-column-gap-default\">\n\t\t\t\t\t<div class=\"elementor-column elementor-col-100 elementor-top-column elementor-element elementor-element-575362e\" data-id=\"575362e\" data-element_type=\"column\" data-e-type=\"column\">\n\t\t\t<div class=\"elementor-widget-wrap elementor-element-populated\">\n\t\t\t\t\t\t<div class=\"elementor-element elementor-element-c32336a elementor-widget elementor-widget-text-editor\" data-id=\"c32336a\" data-element_type=\"widget\" data-e-type=\"widget\" data-widget_type=\"text-editor.default\">\n\t\t\t\t<div class=\"elementor-widget-container\">\n\t\t\t\t\t\t\t\t\t<section>\n<section class=\"page-article\">\n<div class=\"page-article-stack\">\n<div class=\"page-article-main\">\n<div class=\"page-article-content\">\n<h4>Mentions l\u00e9gales et conditions d&rsquo;utilisation<\/h4>\n<p><br><\/p>\n<p>Tous droits r\u00e9serv\u00e9s. Aucune partie de cet avis de non-responsabilit\u00e9 ne peut \u00eatre utilis\u00e9e ou reproduite sous quelque forme que ce soit sans l&rsquo;autorisation de FARESIN INDUSTRIES s.p.a. (d\u00e9sormais Faresin Industries).<\/p>\n<p>Faresin Industries n&rsquo;accepte aucune r\u00e9clamation ou demande de garantie en r\u00e9f\u00e9rence au contenu de cet avis de non-responsabilit\u00e9 ou \u00e0 la description de ses produits contenus sur le site, dans les brochures, les documents illustratifs, les manuels d&rsquo;utilisation et d&rsquo;entretien adopt\u00e9s, ou \u00e0 la description de ses produits qui y figurent.<\/p>\n<p><br><\/p>\n<h4>Communication sur les informations disponibles sur le site web et dans la documentation publicitaire<\/h4>\n<p><br><\/p>\n<p>Les utilisateurs du site appartenant \u00e0 Faresin Industries et, plus g\u00e9n\u00e9ralement, tous ceux qui entrent en possession et consultent les brochures, d\u00e9pliants, catalogues, manuels d&rsquo;utilisation et d&rsquo;entretien et tout ce qui est divulgu\u00e9 par Faresin Industries, sont autoris\u00e9s \u00e0 utiliser la documentation technique, les informations et les donn\u00e9es publi\u00e9es, les sp\u00e9cifications et les donn\u00e9es techniques, les nouvelles, les dessins, etc. (ci-apr\u00e8s d\u00e9nomm\u00e9s cumulativement &nbsp;\u00ab\u00a0Documentation\u00a0\u00bb) \u00e0 la condition expresse que : (i) les mots &lt; copyright &nbsp;tous droits r\u00e9serv\u00e9s par Faresin Industries &gt; sont toujours pr\u00e9sents dans chaque copie ; (ii) l&rsquo;utilisation de cette Documentation est destin\u00e9e uniquement \u00e0 des fins informatives et non commerciales et qu&rsquo;elle n&rsquo;est pas reproduite ou copi\u00e9e ou publi\u00e9e sur un r\u00e9seau, m\u00eame intranet, ni plac\u00e9e dans des canaux de communication ; (iii) et, enfin, les documents ne sont pas alt\u00e9r\u00e9s ou modifi\u00e9s de quelque mani\u00e8re que ce soit.<\/p>\n<p>Tous les \u00e9l\u00e9ments qui constituent et composent le site de Faresin Industries sont prot\u00e9g\u00e9s par la loi et ne peuvent \u00eatre copi\u00e9s ou imit\u00e9s, m\u00eame partiellement.<\/p>\n<p>Faresin Industries n&rsquo;assume aucune responsabilit\u00e9, expresse ou implicite, de quelque nature que ce soit, quant \u00e0 l&rsquo;exhaustivit\u00e9 et \u00e0 l&rsquo;exactitude de toute information contenue et\/ou rapport\u00e9e sur son site.<\/p>\n<p>Le site web de Faresin Industries et toutes les brochures, d\u00e9pliants, catalogues, manuels d&rsquo;utilisation et d&rsquo;entretien et tout ce qui est divulgu\u00e9 par Faresin Industries contiennent des donn\u00e9es, des mat\u00e9riaux, des marques et des informations, y compris, sans limitation, des textes, des logiciels, des photographies, des vid\u00e9os, des graphiques, tous prot\u00e9g\u00e9s par les lois italiennes et internationales sur la protection des droits de propri\u00e9t\u00e9 intellectuelle.<\/p>\n<p><br><\/p>\n<h4>Informations sur le contenu et la documentation du site<\/h4>\n<p><br><\/p>\n<p>Faresin Industries est une soci\u00e9t\u00e9 qui con\u00e7oit, fabrique, commercialise, vend et installe des wagons m\u00e9langeurs pour l&rsquo;alimentation animale, des chariots t\u00e9lescopiques pour le levage et la manutention de divers mat\u00e9riaux, et des dispositifs de divers types (ci-apr\u00e8s d\u00e9nomm\u00e9s collectivement \u00ab\u00a0Machines et Dispositifs\u00a0\u00bb).<\/p>\n<p>Les machines et les dispositifs de Faresin Industries sont toujours con\u00e7us, dessin\u00e9s et fabriqu\u00e9s \u00e0 l&rsquo;\u00e9chelle industrielle, sur une base standard, \u00e0 l&rsquo;exception des adaptations et\/ou des productions sp\u00e9ciales suite \u00e0 des demandes sp\u00e9cifiques du client.<\/p>\n<p><br><\/p>\n<h4>Exclusion et d\u00e9saveu de responsabilit\u00e9<\/h4>\n<p><br><\/p>\n<p>Faresin Industries recommande \u00e0 toute personne ayant l&rsquo;intention d&rsquo;acheter et\/ou d&rsquo;utiliser ses Machines et\/ou Dispositifs d&rsquo;examiner scrupuleusement et attentivement la Documentation pr\u00e9sente sur le site et dans les documents papier et donc toutes les caract\u00e9ristiques techniques des Machines et\/ou Dispositifs individuels et sp\u00e9cifiques, figurant &#8211; outre ce site &#8211; dans les catalogues, brochures, manuels d&rsquo;utilisation et d&rsquo;entretien et dans tout autre mat\u00e9riel et document technique \u00e9labor\u00e9 par Faresin Industries, afin de v\u00e9rifier et de s&rsquo;assurer que les Machines et\/ou Dispositifs  &nbsp;poss\u00e8dent les caract\u00e9ristiques n\u00e9cessaires et appropri\u00e9es pour l&rsquo;utilisation et\/ou la finalit\u00e9 pr\u00e9vues par l&rsquo;acheteur.  &nbsp;&nbsp;<\/p>\n<p>Par cons\u00e9quent, Faresin Industries d\u00e9cline toute responsabilit\u00e9 en cas de dysfonctionnement des machines et\/ou des dispositifs.  &nbsp;et\/ou de leur capacit\u00e9 d&rsquo;utilisation r\u00e9duite et\/ou de performances diff\u00e9rentes &#8211; par rapport \u00e0 celles indiqu\u00e9es dans la Documentation et dans leurs propres mat\u00e9riels d&rsquo;illustration et\/ou dans leurs propres manuels d&rsquo;utilisation et\/ou d&rsquo;entretien &#8211; et\/ou d&rsquo;\u00e9ventuels dysfonctionnements et\/ou d&rsquo;une capacit\u00e9 d&rsquo;utilisation r\u00e9duite et\/ou de d\u00e9faillances, dus \u00e0 un mauvais choix et\/ou \u00e0 une mauvaise \u00e9valuation par le client\/utilisateur.<\/p>\n<p>Faresin Industries d\u00e9cline \u00e9galement toute responsabilit\u00e9 pour les dommages, de quelque nature que ce soit, qui pourraient \u00eatre caus\u00e9s, directement ou indirectement, \u00e0 des personnes ou \u00e0 des choses, \u00e0 la suite du choix incorrect effectu\u00e9 par le client\/utilisateur, ou du non-respect de toutes les prescriptions indiqu\u00e9es dans la Documentation et dans les manuels d&rsquo;utilisation et d&rsquo;entretien, concernant notamment les avertissements relatifs \u00e0 l&rsquo;installation,  &nbsp;la mise en service, l&rsquo;utilisation et l&rsquo;entretien de ses Machines et\/ou Dispositifs.<\/p>\n<p>Faresin Industries vous invite \u00e0 utiliser les Machines et\/ou Dispositifs uniquement et exclusivement apr\u00e8s avoir examin\u00e9 attentivement les manuels d&rsquo;utilisation et d&rsquo;entretien et autres documents techniques qui les accompagnent, ainsi que  &nbsp;d&rsquo;acc\u00e9der et d&rsquo;utiliser les Machines et\/ou Dispositifs uniquement et exclusivement dans les limites indiqu\u00e9es dans la Documentation, \u00e9tant donn\u00e9 que leur utilisation doit \u00eatre r\u00e9serv\u00e9e \u00e0 un personnel expert, autoris\u00e9 \u00e0 utiliser ce type de machines et de dispositifs, \u00e2g\u00e9 de plus de 18 ans, dans une condition psychophysique appropri\u00e9e et non dans un \u00e9tat d&rsquo;alt\u00e9ration d\u00fb \u00e0 la prise ou \u00e0 l&rsquo;utilisation d&rsquo;alcool, de substances intoxicantes ou narcotiques, de psychotropes, etc&#8230;&#8230; Les machines et\/ou les dispositifs ne peuvent \u00eatre utilis\u00e9s que par un seul op\u00e9rateur \u00e0 la fois, qui, avant de les mettre en marche et donc de commencer leur fonctionnement, doit v\u00e9rifier qu&rsquo;il n&rsquo;y a pas de personnes ou d&rsquo;animaux \u00e0 proximit\u00e9 et que les op\u00e9rations d&rsquo;entretien prescrites par les manuels d&rsquo;utilisation et d&rsquo;entretien ont \u00e9t\u00e9 effectu\u00e9es.<\/p>\n<p>Faresin Industries &nbsp;souligne que les avantages ou les inconv\u00e9nients de l&rsquo;utilisation de &nbsp;.  &nbsp;des Machines et\/ou Dispositifs qu&rsquo;elle fabrique ne peut \u00eatre \u00e9valu\u00e9e de mani\u00e8re critique et compl\u00e8te que par le biais des inspections, analyses et tests effectu\u00e9s par les acheteurs\/utilisateurs eux-m\u00eames, car seuls ces derniers sont en mesure de conna\u00eetre leurs exigences r\u00e9elles, notamment en mati\u00e8re d&rsquo;op\u00e9rabilit\u00e9, de s\u00e9curit\u00e9, de fiabilit\u00e9 et de fiabilit\u00e9 de l&rsquo;\u00e9quipement. la dur\u00e9e, les conditions d&rsquo;utilisation, les performances, les normes, ainsi que pour r\u00e9pondre aux exigences fix\u00e9es par les normes, les prescriptions techniques, les standards, les usages locaux, ou impos\u00e9es ou sugg\u00e9r\u00e9es par des conditions d&rsquo;utilisation particuli\u00e8res ou inhabituelles, dues \u00e0 des conditions climatiques et\/ou atmosph\u00e9riques particuli\u00e8res (\u00e0 titre d&rsquo;exemple uniquement, et donc non exhaustif, des temp\u00e9ratures plus basses, des  &nbsp;\u00e0 &#8211; 20\u00b0 C &nbsp;ou au-dessus de 40\u00b0 C , &#8211; \u00e9chelle internationale Celsius &#8211; humidit\u00e9 \u00e9lev\u00e9e &nbsp;, lieux poussi\u00e9reux &nbsp;, climats salins &nbsp;, orages \u00e9lectromagn\u00e9tiques, &nbsp;pr\u00e9sence de substances corrosives, etc&#8230;.) et lieux insalubres.<\/p>\n<p>Les Machines et\/ou Dispositifs peuvent avoir des limitations d&rsquo;utilisation, veuillez donc consulter la Documentation, les brochures, les mat\u00e9riels d&rsquo;illustration, les manuels d&rsquo;utilisation et d&rsquo;entretien pour savoir \u00e0 quelles utilisations ils sont destin\u00e9s. En tout \u00e9tat de cause, les Machines et\/ou Dispositifs ne peuvent circuler sur la voie publique que s&rsquo;ils ont \u00e9t\u00e9 pr\u00e9alablement homologu\u00e9s pour ce type de circulation, et doivent en tout \u00e9tat de cause \u00eatre utilis\u00e9s uniquement et exclusivement dans des zones suffisamment ventil\u00e9es, et s&rsquo;ils ont fait l&rsquo;objet de l&rsquo;entretien p\u00e9riodique pr\u00e9vu dans les manuels d&rsquo;utilisation et d&rsquo;entretien.<\/p>\n<p>Il s&rsquo;ensuit que Faresin Industries d\u00e9cline toute responsabilit\u00e9  &nbsp;si,  &nbsp;en violation de ce qui pr\u00e9c\u00e8de, des machines et\/ou des dispositifs sont ins\u00e9r\u00e9s et\/ou  &nbsp;plac\u00e9s dans des lignes de production ou utilis\u00e9s dans des conditions inhabituelles ou non conformes aux caract\u00e9ristiques techniques et aux m\u00e9thodes d&rsquo;utilisation sugg\u00e9r\u00e9es par Faresin Industries et\/ou contenus  &nbsp;\u00e0 l&rsquo;adresse  &nbsp;.  &nbsp;  et\/ou  &nbsp;dans les brochures et\/ou &nbsp;dans les &nbsp;divers mat\u00e9riels &nbsp;illustratifs de &nbsp;Faresin Industries, y compris les manuels d&rsquo;utilisation et d&rsquo;entretien, ou, encore, non conformes aux lois et\/ou aux normes techniques, aux coutumes ou \u00e0 ce qui est sugg\u00e9r\u00e9 par l&rsquo;exp\u00e9rience commune.<\/p>\n<p>Cette exon\u00e9ration de responsabilit\u00e9 concerne \u00e0 la fois la responsabilit\u00e9 envers les tiers, conform\u00e9ment aux lois mondiales sur la responsabilit\u00e9 du fait des produits, et en termes de garantie et de responsabilit\u00e9 contractuelle.<\/p>\n<p><br><\/p>\n<h4>Autres provisions<\/h4>\n<p><br><\/p>\n<p>Acheteurs\/utilisateurs de machines et\/ou de dispositifs fabriqu\u00e9s par Faresin Industries  &nbsp;sont tenus d&rsquo;effectuer, sous leur responsabilit\u00e9 directe et \u00e0 leurs frais, les contr\u00f4les, \u00e9preuves, v\u00e9rifications et, le cas \u00e9ch\u00e9ant, les essais techniques de fonctionnement n\u00e9cessaires et appropri\u00e9s, afin de s&rsquo;assurer de la conformit\u00e9 de la machine et des dispositifs  &nbsp;achet\u00e9s en fonction de leurs besoins et\/ou exigences, et, plus g\u00e9n\u00e9ralement, de  &nbsp;ce qui est indiqu\u00e9 sur le site web de Faresin Industries, dans la Documentation et les mat\u00e9riels d&rsquo;illustration et dans les manuels d&rsquo;utilisation et d&rsquo;entretien qui accompagnent les Machines et les Dispositifs.<br>Toutes les donn\u00e9es et informations de nature technique fournies par Faresin Industries sont le r\u00e9sultat de contr\u00f4les, essais, v\u00e9rifications et tests de fonctionnement technique effectu\u00e9s par son personnel, en utilisant la technicit\u00e9 et les param\u00e8tres prescrits et\/ou sugg\u00e9r\u00e9s par l&rsquo;exp\u00e9rience, les normes techniques et les meilleures pratiques.<br>Toutes les machines et tous les dispositifs con\u00e7us et fabriqu\u00e9s par Faresin Industries ont \u00e9t\u00e9 con\u00e7us, \u00e9tudi\u00e9s et fabriqu\u00e9s pour une vari\u00e9t\u00e9 d&rsquo;utilisations, mais n&rsquo;ont pas \u00e9t\u00e9 con\u00e7us, \u00e9tudi\u00e9s ou fabriqu\u00e9s pour causer des dommages aux personnes ou aux biens.<br>Les Machines et Dispositifs ne peuvent \u00eatre utilis\u00e9s \u00e0 des fins illicites ou \u00e0 des fins autres que celles indiqu\u00e9es sur le site et\/ou dans les documents d&rsquo;illustration, brochures, mat\u00e9riels d&rsquo;illustration et manuels d&rsquo;utilisation et d&rsquo;entretien adopt\u00e9s par Faresin Industries.<br>En aucun cas, Faresin Industries ne sera responsable de tout dommage direct ou indirect, m\u00eame accidentel, ou de dommages dits punitifs, r\u00e9sultant de ou li\u00e9s \u00e0 l&rsquo;utilisation de ses Machines et\/ou Dispositifs.<\/p>\n<p>Faresin Industries n&rsquo;accepte aucune r\u00e9clamation ou demande de garantie en r\u00e9f\u00e9rence au contenu de cet Avis de non-responsabilit\u00e9 ou \u00e0 la description des Machines et\/ou Dispositifs &nbsp;contenus dans son site web, Documentation, brochures, manuels d&rsquo;utilisation et de maintenance &nbsp;ou \u00e0 la description des Machines et Dispositifs qui y sont contenus.<\/p>\n<p>L&rsquo;invalidit\u00e9 ou l&rsquo;inefficacit\u00e9 d&rsquo;une ou plusieurs dispositions de la pr\u00e9sente clause de non-responsabilit\u00e9 n&rsquo;affecte pas la validit\u00e9 et l&rsquo;efficacit\u00e9 des autres dispositions.<\/p>\n<p>Dans ce cas, toute disposition ou clause invalide ou inefficace sera remplac\u00e9e par une autre valide et efficace qui atteint, dans la mesure du possible, les m\u00eames r\u00e9sultats et l&rsquo;intention de Faresin Industries s.p.a..<\/p>\n<\/div>\n<\/div>\n<\/div>\n<\/section>\n<section class=\"page-article\">\n<div class=\"page-article-stack\">\n<div class=\"page-article-main\">\n<div class=\"page-article-content\">&nbsp;<\/div>\n<\/div>\n<\/div>\n<\/section>\n<\/section>\t\t\t\t\t\t\t\t<\/div>\n\t\t\t\t<\/div>\n\t\t\t\t\t<\/div>\n\t\t<\/div>\n\t\t\t\t\t<\/div>\n\t\t<\/section>\n\t\t\t\t<\/div>\n\t\t","protected":false},"excerpt":{"rendered":"<p>Avis de non-responsabilit\u00e9 Mentions l\u00e9gales et conditions d&rsquo;utilisation Tous droits r\u00e9serv\u00e9s. Aucune partie de cet avis de non-responsabilit\u00e9 ne peut \u00eatre utilis\u00e9e ou reproduite sous quelque forme que ce soit sans l&rsquo;autorisation de FARESIN INDUSTRIES s.p.a. (d\u00e9sormais Faresin Industries). Faresin Industries n&rsquo;accepte aucune r\u00e9clamation ou demande de garantie en r\u00e9f\u00e9rence au contenu de cet avis [&hellip;]<\/p>\n","protected":false},"author":1,"featured_media":0,"parent":0,"menu_order":0,"comment_status":"closed","ping_status":"closed","template":"elementor_header_footer","meta":{"_acf_changed":false,"footnotes":""},"class_list":["post-56796","page","type-page","status-publish","hentry"],"acf":[],"_links":{"self":[{"href":"https:\/\/www.faresin.com\/fr\/wp-json\/wp\/v2\/pages\/56796","targetHints":{"allow":["GET"]}}],"collection":[{"href":"https:\/\/www.faresin.com\/fr\/wp-json\/wp\/v2\/pages"}],"about":[{"href":"https:\/\/www.faresin.com\/fr\/wp-json\/wp\/v2\/types\/page"}],"author":[{"embeddable":true,"href":"https:\/\/www.faresin.com\/fr\/wp-json\/wp\/v2\/users\/1"}],"replies":[{"embeddable":true,"href":"https:\/\/www.faresin.com\/fr\/wp-json\/wp\/v2\/comments?post=56796"}],"version-history":[{"count":0,"href":"https:\/\/www.faresin.com\/fr\/wp-json\/wp\/v2\/pages\/56796\/revisions"}],"wp:attachment":[{"href":"https:\/\/www.faresin.com\/fr\/wp-json\/wp\/v2\/media?parent=56796"}],"curies":[{"name":"wp","href":"https:\/\/api.w.org\/{rel}","templated":true}]}}