{"id":56924,"date":"2022-07-05T14:56:18","date_gmt":"2022-07-05T12:56:18","guid":{"rendered":"https:\/\/www.faresin.com\/technologies\/revetement-de-la-vis-sans-fin-et-du-reservoir-en-inox\/"},"modified":"2023-09-21T10:14:08","modified_gmt":"2023-09-21T08:14:08","slug":"revetement-inox-de-la-vis-et-du-caisson","status":"publish","type":"page","link":"https:\/\/www.faresin.com\/fr\/melangeuses\/technologies\/revetement-inox-de-la-vis-et-du-caisson\/","title":{"rendered":"Rev\u00eatement de la vis sans fin et de la cuve en Inox"},"content":{"rendered":"\t\t<div data-elementor-type=\"wp-page\" data-elementor-id=\"56924\" class=\"elementor elementor-56924 elementor-6067\" data-elementor-post-type=\"page\">\n\t\t\t\t\t\t<section class=\"elementor-section elementor-top-section elementor-element elementor-element-10a1d205 elementor-section-full_width elementor-section-height-default elementor-section-height-default\" data-id=\"10a1d205\" data-element_type=\"section\" data-e-type=\"section\">\n\t\t\t\t\t\t<div class=\"elementor-container elementor-column-gap-default\">\n\t\t\t\t\t<div class=\"elementor-column elementor-col-50 elementor-top-column elementor-element elementor-element-2d7c5aba\" data-id=\"2d7c5aba\" data-element_type=\"column\" data-e-type=\"column\" data-settings=\"{&quot;background_background&quot;:&quot;classic&quot;}\">\n\t\t\t<div class=\"elementor-widget-wrap elementor-element-populated\">\n\t\t\t\t\t\t<div class=\"elementor-element elementor-element-c9b6a63 elementor-mobile-align-left elementor-widget elementor-widget-button\" data-id=\"c9b6a63\" data-element_type=\"widget\" data-e-type=\"widget\" data-widget_type=\"button.default\">\n\t\t\t\t<div class=\"elementor-widget-container\">\n\t\t\t\t\t\t\t\t\t<div class=\"elementor-button-wrapper\">\n\t\t\t\t\t<a class=\"elementor-button elementor-button-link elementor-size-sm elementor-animation-grow\" href=\"https:\/\/www.faresin.com\/fr\/melangeuses\/\">\n\t\t\t\t\t\t<span class=\"elementor-button-content-wrapper\">\n\t\t\t\t\t\t<span class=\"elementor-button-icon\">\n\t\t\t\t<i aria-hidden=\"true\" class=\"far fa-arrow-alt-circle-left\"><\/i>\t\t\t<\/span>\n\t\t\t\t\t\t\t\t\t<span class=\"elementor-button-text\">Retour au d\u00e9but<\/span>\n\t\t\t\t\t<\/span>\n\t\t\t\t\t<\/a>\n\t\t\t\t<\/div>\n\t\t\t\t\t\t\t\t<\/div>\n\t\t\t\t<\/div>\n\t\t\t\t<div data-dce-title-color=\"#000000\" class=\"elementor-element elementor-element-9c26b2a elementor-widget elementor-widget-heading\" data-id=\"9c26b2a\" data-element_type=\"widget\" data-e-type=\"widget\" data-widget_type=\"heading.default\">\n\t\t\t\t<div class=\"elementor-widget-container\">\n\t\t\t\t\t<h1 class=\"elementor-heading-title elementor-size-medium\">LONG LIFE<\/h1>\t\t\t\t<\/div>\n\t\t\t\t<\/div>\n\t\t\t\t<div data-dce-title-color=\"#282C2C\" class=\"elementor-element elementor-element-ac198a1 elementor-widget elementor-widget-heading\" data-id=\"ac198a1\" data-element_type=\"widget\" data-e-type=\"widget\" data-widget_type=\"heading.default\">\n\t\t\t\t<div class=\"elementor-widget-container\">\n\t\t\t\t\t<h1 class=\"elementor-heading-title elementor-size-xl\">Rev\u00eatement en acier inoxydable  <\/h1>\t\t\t\t<\/div>\n\t\t\t\t<\/div>\n\t\t\t\t<div class=\"elementor-element elementor-element-35509da elementor-widget elementor-widget-text-editor\" data-id=\"35509da\" data-element_type=\"widget\" data-e-type=\"widget\" data-widget_type=\"text-editor.default\">\n\t\t\t\t<div class=\"elementor-widget-container\">\n\t\t\t\t\t\t\t\t\t<p>Les m\u00e9langeuses de Faresin peuvent \u00eatre \u00e9quip\u00e9s du syst\u00e8me Long Life, une technologie innovante con\u00e7ue pour prot\u00e9ger davantage votre automotrice ou tract\u00e9e PF.<\/p>\n<p><\/p>\n<p>L&rsquo;option Long Life augmente consid\u00e9rablement la dur\u00e9e dans le temps des parties de la cuve de m\u00e9lange les plus sujettes \u00e0 l&rsquo;usure, comme les spirales de la vis de m\u00e9lange et les parois lat\u00e9rales de la cuve, garantissant une r\u00e9duction de 50% des co\u00fbts de maintenance.<\/p>\n<p>Le syst\u00e8me utilise une bande en acier inoxydable AISI 304 d&rsquo;une \u00e9paisseur de 6 mm et d&rsquo;une largeur d&rsquo;environ 120 mm form\u00e9e pour suivre le bord ext\u00e9rieur de la spirale, car c&rsquo;est la partie de la vis de m\u00e9lange qui s&rsquo;usure le plus facilement.<\/p>\t\t\t\t\t\t\t\t<\/div>\n\t\t\t\t<\/div>\n\t\t\t\t<div class=\"elementor-element elementor-element-510e1b6 elementor-mobile-align-left elementor-widget elementor-widget-button\" data-id=\"510e1b6\" data-element_type=\"widget\" data-e-type=\"widget\" data-widget_type=\"button.default\">\n\t\t\t\t<div class=\"elementor-widget-container\">\n\t\t\t\t\t\t\t\t\t<div class=\"elementor-button-wrapper\">\n\t\t\t\t\t<a class=\"elementor-button elementor-button-link elementor-size-sm elementor-animation-grow\" href=\"https:\/\/www.faresin.com\/fr\/contacts\/\">\n\t\t\t\t\t\t<span class=\"elementor-button-content-wrapper\">\n\t\t\t\t\t\t<span class=\"elementor-button-icon\">\n\t\t\t\t<i aria-hidden=\"true\" class=\"fas fa-long-arrow-alt-right\"><\/i>\t\t\t<\/span>\n\t\t\t\t\t\t\t\t\t<span class=\"elementor-button-text\">PLUS D'INFORMATIONS<\/span>\n\t\t\t\t\t<\/span>\n\t\t\t\t\t<\/a>\n\t\t\t\t<\/div>\n\t\t\t\t\t\t\t\t<\/div>\n\t\t\t\t<\/div>\n\t\t\t\t\t<\/div>\n\t\t<\/div>\n\t\t\t\t<div class=\"elementor-column elementor-col-50 elementor-top-column elementor-element elementor-element-3aa1ea4c\" data-id=\"3aa1ea4c\" data-element_type=\"column\" data-e-type=\"column\" data-settings=\"{&quot;background_background&quot;:&quot;classic&quot;}\">\n\t\t\t<div class=\"elementor-widget-wrap elementor-element-populated\">\n\t\t\t\t\t\t<div class=\"elementor-element elementor-element-6b4a3d1 elementor-widget elementor-widget-image\" data-id=\"6b4a3d1\" data-element_type=\"widget\" data-e-type=\"widget\" data-widget_type=\"image.default\">\n\t\t\t\t<div class=\"elementor-widget-container\">\n\t\t\t\t\t\t\t\t\t\t\t\t\t\t\t<img decoding=\"async\" width=\"1200\" height=\"800\" src=\"https:\/\/www.faresin.com\/wp-content\/uploads\/long-life-faresin-3.jpg\" class=\"attachment-full size-full wp-image-20194\" alt=\"\" srcset=\"https:\/\/www.faresin.com\/wp-content\/uploads\/long-life-faresin-3.jpg 1200w, https:\/\/www.faresin.com\/wp-content\/uploads\/long-life-faresin-3-600x400.jpg 600w, https:\/\/www.faresin.com\/wp-content\/uploads\/long-life-faresin-3-300x200.jpg 300w, https:\/\/www.faresin.com\/wp-content\/uploads\/long-life-faresin-3-1024x683.jpg 1024w, https:\/\/www.faresin.com\/wp-content\/uploads\/long-life-faresin-3-768x512.jpg 768w, https:\/\/www.faresin.com\/wp-content\/uploads\/long-life-faresin-3-18x12.jpg 18w\" sizes=\"(max-width: 1200px) 100vw, 1200px\">\t\t\t\t\t\t\t\t\t\t\t\t\t\t\t<\/div>\n\t\t\t\t<\/div>\n\t\t\t\t\t<\/div>\n\t\t<\/div>\n\t\t\t\t\t<\/div>\n\t\t<\/section>\n\t\t\t\t<section class=\"elementor-section elementor-top-section elementor-element elementor-element-863013b elementor-section-boxed elementor-section-height-default elementor-section-height-default\" data-id=\"863013b\" data-element_type=\"section\" data-e-type=\"section\">\n\t\t\t\t\t\t<div class=\"elementor-container elementor-column-gap-default\">\n\t\t\t\t\t<div class=\"elementor-column elementor-col-50 elementor-top-column elementor-element elementor-element-29c4c6f\" data-id=\"29c4c6f\" data-element_type=\"column\" data-e-type=\"column\" data-settings=\"{&quot;background_background&quot;:&quot;classic&quot;}\">\n\t\t\t<div class=\"elementor-widget-wrap elementor-element-populated\">\n\t\t\t\t\t\t<div class=\"elementor-element elementor-element-7c0e096 elementor-widget elementor-widget-image\" data-id=\"7c0e096\" data-element_type=\"widget\" data-e-type=\"widget\" data-widget_type=\"image.default\">\n\t\t\t\t<div class=\"elementor-widget-container\">\n\t\t\t\t\t\t\t\t\t\t\t\t\t\t\t<img decoding=\"async\" width=\"1200\" height=\"800\" src=\"https:\/\/www.faresin.com\/wp-content\/uploads\/coclea-long-life.jpg\" class=\"attachment-full size-full wp-image-20208\" alt=\"Long Life coclea\" srcset=\"https:\/\/www.faresin.com\/wp-content\/uploads\/coclea-long-life.jpg 1200w, https:\/\/www.faresin.com\/wp-content\/uploads\/coclea-long-life-600x400.jpg 600w, https:\/\/www.faresin.com\/wp-content\/uploads\/coclea-long-life-300x200.jpg 300w, https:\/\/www.faresin.com\/wp-content\/uploads\/coclea-long-life-1024x683.jpg 1024w, https:\/\/www.faresin.com\/wp-content\/uploads\/coclea-long-life-768x512.jpg 768w, https:\/\/www.faresin.com\/wp-content\/uploads\/coclea-long-life-18x12.jpg 18w\" sizes=\"(max-width: 1200px) 100vw, 1200px\" \/>\t\t\t\t\t\t\t\t\t\t\t\t\t\t\t<\/div>\n\t\t\t\t<\/div>\n\t\t\t\t\t<\/div>\n\t\t<\/div>\n\t\t\t\t<div class=\"elementor-column elementor-col-50 elementor-top-column elementor-element elementor-element-e0afe07\" data-id=\"e0afe07\" data-element_type=\"column\" data-e-type=\"column\" data-settings=\"{&quot;background_background&quot;:&quot;classic&quot;}\">\n\t\t\t<div class=\"elementor-widget-wrap elementor-element-populated\">\n\t\t\t\t\t\t<div data-dce-title-color=\"#000000\" class=\"elementor-element elementor-element-5245545 elementor-widget elementor-widget-heading\" data-id=\"5245545\" data-element_type=\"widget\" data-e-type=\"widget\" data-widget_type=\"heading.default\">\n\t\t\t\t<div class=\"elementor-widget-container\">\n\t\t\t\t\t<h2 class=\"elementor-heading-title elementor-size-medium\">LONG LIFE<\/h2>\t\t\t\t<\/div>\n\t\t\t\t<\/div>\n\t\t\t\t<div data-dce-title-color=\"#282C2C\" class=\"elementor-element elementor-element-0ab6138 elementor-widget elementor-widget-heading\" data-id=\"0ab6138\" data-element_type=\"widget\" data-e-type=\"widget\" data-widget_type=\"heading.default\">\n\t\t\t\t<div class=\"elementor-widget-container\">\n\t\t\t\t\t<h1 class=\"elementor-heading-title elementor-size-xl\">Avantages<\/h1>\t\t\t\t<\/div>\n\t\t\t\t<\/div>\n\t\t\t\t<div class=\"elementor-element elementor-element-6b8465d elementor-icon-list--layout-traditional elementor-list-item-link-full_width elementor-widget elementor-widget-icon-list\" data-id=\"6b8465d\" data-element_type=\"widget\" data-e-type=\"widget\" data-widget_type=\"icon-list.default\">\n\t\t\t\t<div class=\"elementor-widget-container\">\n\t\t\t\t\t\t\t<ul class=\"elementor-icon-list-items\">\n\t\t\t\t\t\t\t<li class=\"elementor-icon-list-item\">\n\t\t\t\t\t\t\t\t\t\t\t<span class=\"elementor-icon-list-icon\">\n\t\t\t\t\t\t\t<i aria-hidden=\"true\" class=\"far fa-check-circle\"><\/i>\t\t\t\t\t\t<\/span>\n\t\t\t\t\t\t\t\t\t\t<span class=\"elementor-icon-list-text\">Syst\u00e8me \u00e9quip\u00e9 d'une lame powerblade et d'une lame de d\u00e9chargement en acier inoxydable AISI304<\/span>\n\t\t\t\t\t\t\t\t\t<\/li>\n\t\t\t\t\t\t\t\t<li class=\"elementor-icon-list-item\">\n\t\t\t\t\t\t\t\t\t\t\t<span class=\"elementor-icon-list-icon\">\n\t\t\t\t\t\t\t<i aria-hidden=\"true\" class=\"far fa-check-circle\"><\/i>\t\t\t\t\t\t<\/span>\n\t\t\t\t\t\t\t\t\t\t<span class=\"elementor-icon-list-text\">Cuve de m\u00e9lange \u00e9quip\u00e9e d'une bande en acier inoxydable AISI 304 d'une hauteur de 500 mm et d'une \u00e9paisseur de 1,5 mm qui couvre compl\u00e8tement le p\u00e9rim\u00e8tre de la partie inf\u00e9rieure de la cuve de m\u00e9lange<\/span>\n\t\t\t\t\t\t\t\t\t<\/li>\n\t\t\t\t\t\t\t\t<li class=\"elementor-icon-list-item\">\n\t\t\t\t\t\t\t\t\t\t\t<span class=\"elementor-icon-list-icon\">\n\t\t\t\t\t\t\t<i aria-hidden=\"true\" class=\"far fa-check-circle\"><\/i>\t\t\t\t\t\t<\/span>\n\t\t\t\t\t\t\t\t\t\t<span class=\"elementor-icon-list-text\">Compatible avec toutes les s\u00e9ries automotrices PF1, PF2 plus, PF3 plus et les tract\u00e9es PF1, PF2 Plus<\/span>\n\t\t\t\t\t\t\t\t\t<\/li>\n\t\t\t\t\t\t<\/ul>\n\t\t\t\t\t\t<\/div>\n\t\t\t\t<\/div>\n\t\t\t\t<div class=\"elementor-element elementor-element-5c5eecb elementor-mobile-align-left elementor-widget elementor-widget-button\" data-id=\"5c5eecb\" data-element_type=\"widget\" data-e-type=\"widget\" data-widget_type=\"button.default\">\n\t\t\t\t<div class=\"elementor-widget-container\">\n\t\t\t\t\t\t\t\t\t<div class=\"elementor-button-wrapper\">\n\t\t\t\t\t<a class=\"elementor-button elementor-button-link elementor-size-sm elementor-animation-grow\" href=\"https:\/\/www.faresin.com\/fr\/contacts\/\">\n\t\t\t\t\t\t<span class=\"elementor-button-content-wrapper\">\n\t\t\t\t\t\t<span class=\"elementor-button-icon\">\n\t\t\t\t<i aria-hidden=\"true\" class=\"fas fa-long-arrow-alt-right\"><\/i>\t\t\t<\/span>\n\t\t\t\t\t\t\t\t\t<span class=\"elementor-button-text\">PLUS D'INFORMATIONS<\/span>\n\t\t\t\t\t<\/span>\n\t\t\t\t\t<\/a>\n\t\t\t\t<\/div>\n\t\t\t\t\t\t\t\t<\/div>\n\t\t\t\t<\/div>\n\t\t\t\t\t<\/div>\n\t\t<\/div>\n\t\t\t\t\t<\/div>\n\t\t<\/section>\n\t\t\t\t<\/div>\n\t\t","protected":false},"excerpt":{"rendered":"<p>Retour au d\u00e9but LONG LIFE Rev\u00eatement en acier inoxydable Les m\u00e9langeuses de Faresin peuvent \u00eatre \u00e9quip\u00e9s du syst\u00e8me Long Life, une technologie innovante con\u00e7ue pour prot\u00e9ger davantage votre automotrice ou tract\u00e9e PF. L&rsquo;option Long Life augmente consid\u00e9rablement la dur\u00e9e dans le temps des parties de la cuve de m\u00e9lange les plus sujettes \u00e0 l&rsquo;usure, comme [&hellip;]<\/p>\n","protected":false},"author":1,"featured_media":0,"parent":56743,"menu_order":0,"comment_status":"closed","ping_status":"closed","template":"elementor_header_footer","meta":{"_acf_changed":false,"footnotes":""},"class_list":["post-56924","page","type-page","status-publish","hentry"],"acf":[],"_links":{"self":[{"href":"https:\/\/www.faresin.com\/fr\/wp-json\/wp\/v2\/pages\/56924","targetHints":{"allow":["GET"]}}],"collection":[{"href":"https:\/\/www.faresin.com\/fr\/wp-json\/wp\/v2\/pages"}],"about":[{"href":"https:\/\/www.faresin.com\/fr\/wp-json\/wp\/v2\/types\/page"}],"author":[{"embeddable":true,"href":"https:\/\/www.faresin.com\/fr\/wp-json\/wp\/v2\/users\/1"}],"replies":[{"embeddable":true,"href":"https:\/\/www.faresin.com\/fr\/wp-json\/wp\/v2\/comments?post=56924"}],"version-history":[{"count":0,"href":"https:\/\/www.faresin.com\/fr\/wp-json\/wp\/v2\/pages\/56924\/revisions"}],"up":[{"embeddable":true,"href":"https:\/\/www.faresin.com\/fr\/wp-json\/wp\/v2\/pages\/56743"}],"wp:attachment":[{"href":"https:\/\/www.faresin.com\/fr\/wp-json\/wp\/v2\/media?parent=56924"}],"curies":[{"name":"wp","href":"https:\/\/api.w.org\/{rel}","templated":true}]}}