{"id":57218,"date":"2022-04-08T14:23:48","date_gmt":"2022-04-08T12:23:48","guid":{"rendered":"https:\/\/www.faresin.com\/fondation\/"},"modified":"2023-09-21T10:30:37","modified_gmt":"2023-09-21T08:30:37","slug":"fondation","status":"publish","type":"page","link":"https:\/\/www.faresin.com\/fr\/fondation\/","title":{"rendered":"Fondation"},"content":{"rendered":"\t\t<div data-elementor-type=\"wp-page\" data-elementor-id=\"57218\" class=\"elementor elementor-57218 elementor-3324\" data-elementor-post-type=\"page\">\n\t\t\t\t\t\t<section class=\"elementor-section elementor-top-section elementor-element elementor-element-10a1d205 elementor-section-height-min-height elementor-section-items-stretch elementor-section-full_width elementor-section-height-default\" data-id=\"10a1d205\" data-element_type=\"section\" data-e-type=\"section\">\n\t\t\t\t\t\t<div class=\"elementor-container elementor-column-gap-default\">\n\t\t\t\t\t<div class=\"elementor-column elementor-col-50 elementor-top-column elementor-element elementor-element-2d7c5aba\" data-id=\"2d7c5aba\" data-element_type=\"column\" data-e-type=\"column\" data-settings=\"{&quot;background_background&quot;:&quot;classic&quot;}\">\n\t\t\t<div class=\"elementor-widget-wrap elementor-element-populated\">\n\t\t\t\t\t\t<div data-dce-title-color=\"#000000\" class=\"elementor-element elementor-element-4d12779 elementor-widget elementor-widget-heading\" data-id=\"4d12779\" data-element_type=\"widget\" data-e-type=\"widget\" data-widget_type=\"heading.default\">\n\t\t\t\t<div class=\"elementor-widget-container\">\n\t\t\t\t\t<h1 class=\"elementor-heading-title elementor-size-medium\">Fondation<\/h1>\t\t\t\t<\/div>\n\t\t\t\t<\/div>\n\t\t\t\t<div data-dce-title-color=\"#282C2C\" class=\"elementor-element elementor-element-ac198a1 elementor-widget elementor-widget-heading\" data-id=\"ac198a1\" data-element_type=\"widget\" data-e-type=\"widget\" data-widget_type=\"heading.default\">\n\t\t\t\t<div class=\"elementor-widget-container\">\n\t\t\t\t\t<div class=\"elementor-heading-title elementor-size-xl\">Mgr Camillo Faresin Onlus<\/div>\t\t\t\t<\/div>\n\t\t\t\t<\/div>\n\t\t\t\t<div class=\"elementor-element elementor-element-35509da elementor-widget elementor-widget-text-editor\" data-id=\"35509da\" data-element_type=\"widget\" data-e-type=\"widget\" data-widget_type=\"text-editor.default\">\n\t\t\t\t<div class=\"elementor-widget-container\">\n\t\t\t\t\t\t\t\t\t<p>La Fondation Mgr Camillo Faresin Onlus, cr\u00e9\u00e9e en janvier 2004, est apolitique, sans but lucratif et aucun de ses membres ne peut \u00eatre r\u00e9mun\u00e9r\u00e9 pour le travail qu&rsquo;il effectue en son nom. Elle poursuit exclusivement un but de solidarit\u00e9 sociale envers les personnes d\u00e9favoris\u00e9es et les membres des communaut\u00e9s \u00e9trang\u00e8res, limit\u00e9 \u00e0 l&rsquo;aide humanitaire dans les domaines suivants :<\/p>\n<p><span style=\"color: var( --e-global-color-text ); font-family: var( --e-global-typography-text-font-family ), Sans-serif; font-weight: var( --e-global-typography-text-font-weight );\">&nbsp;<\/span><\/p>\n<ul>\n<li><span style=\"color: var( --e-global-color-text ); font-family: var( --e-global-typography-text-font-family ), Sans-serif; font-weight: var( --e-global-typography-text-font-weight );\">les soins sociaux et socio-sanitaires ;<\/span><\/li>\n<li>les soins de sant\u00e9 ;<\/li>\n<li>la promotion d&rsquo;initiatives, de conditions et de possibilit\u00e9s de travail propices \u00e0 la croissance sociale et \u00e9conomique.<\/li>\n<\/ul>\t\t\t\t\t\t\t\t<\/div>\n\t\t\t\t<\/div>\n\t\t\t\t\t<\/div>\n\t\t<\/div>\n\t\t\t\t<div class=\"elementor-column elementor-col-50 elementor-top-column elementor-element elementor-element-3aa1ea4c\" data-id=\"3aa1ea4c\" data-element_type=\"column\" data-e-type=\"column\" data-settings=\"{&quot;background_background&quot;:&quot;classic&quot;}\">\n\t\t\t<div class=\"elementor-widget-wrap elementor-element-populated\">\n\t\t\t\t\t\t<div class=\"elementor-element elementor-element-313290d elementor-widget elementor-widget-image\" data-id=\"313290d\" data-element_type=\"widget\" data-e-type=\"widget\" data-widget_type=\"image.default\">\n\t\t\t\t<div class=\"elementor-widget-container\">\n\t\t\t\t\t\t\t\t\t\t\t\t\t\t\t<img decoding=\"async\" width=\"710\" height=\"400\" src=\"https:\/\/www.faresin.com\/wp-content\/uploads\/2022\/04\/mon-camillo-faresin.jpg\" class=\"elementor-animation-float attachment-full size-full wp-image-16603\" alt=\"\" srcset=\"https:\/\/www.faresin.com\/wp-content\/uploads\/2022\/04\/mon-camillo-faresin.jpg 710w, https:\/\/www.faresin.com\/wp-content\/uploads\/2022\/04\/mon-camillo-faresin-600x338.jpg 600w, https:\/\/www.faresin.com\/wp-content\/uploads\/2022\/04\/mon-camillo-faresin-300x169.jpg 300w\" sizes=\"(max-width: 710px) 100vw, 710px\">\t\t\t\t\t\t\t\t\t\t\t\t\t\t\t<\/div>\n\t\t\t\t<\/div>\n\t\t\t\t\t<\/div>\n\t\t<\/div>\n\t\t\t\t\t<\/div>\n\t\t<\/section>\n\t\t\t\t<section class=\"elementor-section elementor-top-section elementor-element elementor-element-6ec9173e elementor-section-boxed elementor-section-height-default elementor-section-height-default\" data-id=\"6ec9173e\" data-element_type=\"section\" data-e-type=\"section\">\n\t\t\t\t\t\t<div class=\"elementor-container elementor-column-gap-default\">\n\t\t\t\t\t<div class=\"elementor-column elementor-col-50 elementor-top-column elementor-element elementor-element-23da1c3d\" data-id=\"23da1c3d\" data-element_type=\"column\" data-e-type=\"column\">\n\t\t\t<div class=\"elementor-widget-wrap elementor-element-populated\">\n\t\t\t\t\t\t<div class=\"elementor-element elementor-element-da35105 elementor-hidden-tablet elementor-hidden-mobile elementor-widget-divider--separator-type-pattern elementor-widget-divider--view-line elementor-widget elementor-widget-divider\" data-id=\"da35105\" data-element_type=\"widget\" data-e-type=\"widget\" data-widget_type=\"divider.default\">\n\t\t\t\t<div class=\"elementor-widget-container\">\n\t\t\t\t\t\t\t<div class=\"elementor-divider\" style=\"--divider-pattern-url: url(&quot;data:image\/svg+xml,%3Csvg xmlns=&#039;http:\/\/www.w3.org\/2000\/svg&#039; preserveAspectRatio=&#039;none&#039; overflow=&#039;visible&#039; height=&#039;100%&#039; viewBox=&#039;0 0 20 16&#039; fill=&#039;none&#039; stroke=&#039;black&#039; stroke-width=&#039;2.2&#039; stroke-linecap=&#039;square&#039; stroke-miterlimit=&#039;10&#039;%3E%3Cg transform=&#039;translate(-12.000000, 0)&#039;%3E%3Cpath d=&#039;M28,0L10,18&#039;\/%3E%3Cpath d=&#039;M18,0L0,18&#039;\/%3E%3Cpath d=&#039;M48,0L30,18&#039;\/%3E%3Cpath d=&#039;M38,0L20,18&#039;\/%3E%3C\/g%3E%3C\/svg%3E&quot;);\">\n\t\t\t<span class=\"elementor-divider-separator\">\n\t\t\t\t\t\t<\/span>\n\t\t<\/div>\n\t\t\t\t\t\t<\/div>\n\t\t\t\t<\/div>\n\t\t\t\t<div class=\"elementor-element elementor-element-b20aa17 elementor-widget elementor-widget-heading\" data-id=\"b20aa17\" data-element_type=\"widget\" data-e-type=\"widget\" data-widget_type=\"heading.default\">\n\t\t\t\t<div class=\"elementor-widget-container\">\n\t\t\t\t\t<h2 class=\"elementor-heading-title elementor-size-medium\">Naissance<\/h2>\t\t\t\t<\/div>\n\t\t\t\t<\/div>\n\t\t\t\t<div data-dce-title-color=\"#282C2C\" class=\"elementor-element elementor-element-356b198 elementor-widget elementor-widget-heading\" data-id=\"356b198\" data-element_type=\"widget\" data-e-type=\"widget\" data-widget_type=\"heading.default\">\n\t\t\t\t<div class=\"elementor-widget-container\">\n\t\t\t\t\t<div class=\"elementor-heading-title elementor-size-default\">Fondation<\/div>\t\t\t\t<\/div>\n\t\t\t\t<\/div>\n\t\t\t\t<div class=\"elementor-element elementor-element-68c6fa63 elementor-widget elementor-widget-image\" data-id=\"68c6fa63\" data-element_type=\"widget\" data-e-type=\"widget\" data-widget_type=\"image.default\">\n\t\t\t\t<div class=\"elementor-widget-container\">\n\t\t\t\t\t\t\t\t\t\t\t\t\t\t\t<img decoding=\"async\" width=\"940\" height=\"600\" src=\"https:\/\/www.faresin.com\/wp-content\/uploads\/2022\/04\/insieme-aiutiamo-il-mondo.jpg\" class=\"elementor-animation-float attachment-full size-full wp-image-16610\" alt=\"\" srcset=\"https:\/\/www.faresin.com\/wp-content\/uploads\/2022\/04\/insieme-aiutiamo-il-mondo.jpg 940w, https:\/\/www.faresin.com\/wp-content\/uploads\/2022\/04\/insieme-aiutiamo-il-mondo-600x383.jpg 600w, https:\/\/www.faresin.com\/wp-content\/uploads\/2022\/04\/insieme-aiutiamo-il-mondo-300x191.jpg 300w, https:\/\/www.faresin.com\/wp-content\/uploads\/2022\/04\/insieme-aiutiamo-il-mondo-768x490.jpg 768w\" sizes=\"(max-width: 940px) 100vw, 940px\">\t\t\t\t\t\t\t\t\t\t\t\t\t\t\t<\/div>\n\t\t\t\t<\/div>\n\t\t\t\t\t<\/div>\n\t\t<\/div>\n\t\t\t\t<div class=\"elementor-column elementor-col-50 elementor-top-column elementor-element elementor-element-223fe1d8\" data-id=\"223fe1d8\" data-element_type=\"column\" data-e-type=\"column\">\n\t\t\t<div class=\"elementor-widget-wrap elementor-element-populated\">\n\t\t\t\t\t\t<div class=\"elementor-element elementor-element-e4ecd88 elementor-widget elementor-widget-text-editor\" data-id=\"e4ecd88\" data-element_type=\"widget\" data-e-type=\"widget\" data-widget_type=\"text-editor.default\">\n\t\t\t\t<div class=\"elementor-widget-container\">\n\t\t\t\t\t\t\t\t\t<p>La Fondation a \u00e9t\u00e9 cr\u00e9\u00e9e principalement \u00e0 Guiratinga, dans le Mato Grosso br\u00e9silien, o\u00f9 Monseigneur Camillo et Don Santo Faresin ont consacr\u00e9 leur vie de missionnaires sal\u00e9siens. Le conseil de fondation a un contact direct avec le dioc\u00e8se de Guiratinga gr\u00e2ce \u00e0 la pr\u00e9sence des S\u0153urs de la Divine Volont\u00e9 de Bassano del Grappa et de l&rsquo;\u00e9v\u00eaque de Guiratinga. Gr\u00e2ce \u00e0 ces personnes, un comit\u00e9 a \u00e9t\u00e9 nomm\u00e9 \u00e0 Guiratinga pour proposer des projets qui repr\u00e9sentent les besoins r\u00e9els de la communaut\u00e9. Les projets de la Fondation Mons. Camillo Fareisn Onlus concernent :<\/p>\n<ul>\n<li>le soutien aux s\u00e9minaristes du dioc\u00e8se de Guiratinga ;<\/li>\n<li>le soutien de cours pour la formation scolaire et professionnelle des jeunes du dioc\u00e8se ;<\/li>\n<li>soutien \u00e0 l&rsquo;artisanat des femmes ;<\/li>\n<li>soutien \u00e0 la maison de repos Gaetana Sterni et \u00e0 ses personnes \u00e2g\u00e9es ;<\/li>\n<li>le soutien aux familles les plus d\u00e9munies gr\u00e2ce au financement de \u00ab\u00a0paniers de base\u00a0\u00bb contenant des produits de premi\u00e8re n\u00e9cessit\u00e9.<\/li>\n<\/ul>\n<div><span style=\"font-family: -apple-system, BlinkMacSystemFont, Segoe UI, Roboto, Oxygen-Sans, Ubuntu, Cantarell, Helvetica Neue, sans-serif;\"> <\/span><\/div>\n<p>Aujourd&rsquo;hui encore, la main de Mgr Camillo Faresin est tendue vers l&rsquo;autre, gr\u00e2ce \u00e0 la Fondation qui porte son nom. Am\u00e9rique du Sud, Afrique, Asie, Europe : partout o\u00f9 il y a un besoin d&rsquo;assistance et de solidarit\u00e9, la Fondation Onlus Mgr Camillo Faresin est l\u00e0. Elle collecte des fonds, collabore avec des organisations \u00e0 but non lucratif et, gr\u00e2ce au soutien des dons, \u00e9tend progressivement sa port\u00e9e. C&rsquo;est ainsi que l&rsquo;exemple d&rsquo;un homme se perp\u00e9tue. Avec toute sa force.<\/p>\n\t\t\t\t\t\t\t\t<\/div>\n\t\t\t\t<\/div>\n\t\t\t\t\t<\/div>\n\t\t<\/div>\n\t\t\t\t\t<\/div>\n\t\t<\/section>\n\t\t\t\t<\/div>\n\t\t","protected":false},"excerpt":{"rendered":"<p>Fondation Mgr Camillo Faresin Onlus La Fondation Mgr Camillo Faresin Onlus, cr\u00e9\u00e9e en janvier 2004, est apolitique, sans but lucratif et aucun de ses membres ne peut \u00eatre r\u00e9mun\u00e9r\u00e9 pour le travail qu&rsquo;il effectue en son nom. Elle poursuit exclusivement un but de solidarit\u00e9 sociale envers les personnes d\u00e9favoris\u00e9es et les membres des communaut\u00e9s \u00e9trang\u00e8res, [&hellip;]<\/p>\n","protected":false},"author":1,"featured_media":0,"parent":0,"menu_order":0,"comment_status":"open","ping_status":"closed","template":"elementor_header_footer","meta":{"_acf_changed":false,"footnotes":""},"class_list":["post-57218","page","type-page","status-publish","hentry"],"acf":[],"_links":{"self":[{"href":"https:\/\/www.faresin.com\/fr\/wp-json\/wp\/v2\/pages\/57218","targetHints":{"allow":["GET"]}}],"collection":[{"href":"https:\/\/www.faresin.com\/fr\/wp-json\/wp\/v2\/pages"}],"about":[{"href":"https:\/\/www.faresin.com\/fr\/wp-json\/wp\/v2\/types\/page"}],"author":[{"embeddable":true,"href":"https:\/\/www.faresin.com\/fr\/wp-json\/wp\/v2\/users\/1"}],"replies":[{"embeddable":true,"href":"https:\/\/www.faresin.com\/fr\/wp-json\/wp\/v2\/comments?post=57218"}],"version-history":[{"count":0,"href":"https:\/\/www.faresin.com\/fr\/wp-json\/wp\/v2\/pages\/57218\/revisions"}],"wp:attachment":[{"href":"https:\/\/www.faresin.com\/fr\/wp-json\/wp\/v2\/media?parent=57218"}],"curies":[{"name":"wp","href":"https:\/\/api.w.org\/{rel}","templated":true}]}}