{"id":56959,"date":"2022-07-05T14:43:55","date_gmt":"2022-07-05T12:43:55","guid":{"rendered":"https:\/\/www.faresin.com\/technologie\/mlyn\/"},"modified":"2023-09-21T10:07:12","modified_gmt":"2023-09-21T08:07:12","slug":"sieczkarnia","status":"publish","type":"page","link":"https:\/\/www.faresin.com\/pl\/wozy-paszowe\/technologie\/sieczkarnia\/","title":{"rendered":"Sieczkarnia S\u0142omiany"},"content":{"rendered":"\t\t<div data-elementor-type=\"wp-page\" data-elementor-id=\"56959\" class=\"elementor elementor-56959 elementor-6059\" data-elementor-post-type=\"page\">\n\t\t\t\t\t\t<section class=\"elementor-section elementor-top-section elementor-element elementor-element-10a1d205 elementor-section-full_width elementor-section-height-default elementor-section-height-default\" data-id=\"10a1d205\" data-element_type=\"section\" data-e-type=\"section\">\n\t\t\t\t\t\t<div class=\"elementor-container elementor-column-gap-default\">\n\t\t\t\t\t<div class=\"elementor-column elementor-col-50 elementor-top-column elementor-element elementor-element-2d7c5aba\" data-id=\"2d7c5aba\" data-element_type=\"column\" data-e-type=\"column\" data-settings=\"{&quot;background_background&quot;:&quot;classic&quot;}\">\n\t\t\t<div class=\"elementor-widget-wrap elementor-element-populated\">\n\t\t\t\t\t\t<div class=\"elementor-element elementor-element-c9b6a63 elementor-widget elementor-widget-button\" data-id=\"c9b6a63\" data-element_type=\"widget\" data-e-type=\"widget\" data-widget_type=\"button.default\">\n\t\t\t\t<div class=\"elementor-widget-container\">\n\t\t\t\t\t\t\t\t\t<div class=\"elementor-button-wrapper\">\n\t\t\t\t\t<a class=\"elementor-button elementor-button-link elementor-size-sm elementor-animation-grow\" href=\"https:\/\/www.faresin.com\/pl\/wozy-paszowe\/\">\n\t\t\t\t\t\t<span class=\"elementor-button-content-wrapper\">\n\t\t\t\t\t\t<span class=\"elementor-button-icon\">\n\t\t\t\t<i aria-hidden=\"true\" class=\"far fa-arrow-alt-circle-left\"><\/i>\t\t\t<\/span>\n\t\t\t\t\t\t\t\t\t<span class=\"elementor-button-text\">Wstecz<\/span>\n\t\t\t\t\t<\/span>\n\t\t\t\t\t<\/a>\n\t\t\t\t<\/div>\n\t\t\t\t\t\t\t\t<\/div>\n\t\t\t\t<\/div>\n\t\t\t\t<div data-dce-title-color=\"#000000\" class=\"elementor-element elementor-element-9c26b2a elementor-widget elementor-widget-heading\" data-id=\"9c26b2a\" data-element_type=\"widget\" data-e-type=\"widget\" data-widget_type=\"heading.default\">\n\t\t\t\t<div class=\"elementor-widget-container\">\n\t\t\t\t\t<h1 class=\"elementor-heading-title elementor-size-medium\">Sieczkarnia<\/h1>\t\t\t\t<\/div>\n\t\t\t\t<\/div>\n\t\t\t\t<div data-dce-title-color=\"#282C2C\" class=\"elementor-element elementor-element-ac198a1 elementor-widget elementor-widget-heading\" data-id=\"ac198a1\" data-element_type=\"widget\" data-e-type=\"widget\" data-widget_type=\"heading.default\">\n\t\t\t\t<div class=\"elementor-widget-container\">\n\t\t\t\t\t<h1 class=\"elementor-heading-title elementor-size-xl\">Ochrona w\u0142\u00f3kien i ostre ci\u0119cie<\/h1>\t\t\t\t<\/div>\n\t\t\t\t<\/div>\n\t\t\t\t<div class=\"elementor-element elementor-element-35509da elementor-widget elementor-widget-text-editor\" data-id=\"35509da\" data-element_type=\"widget\" data-e-type=\"widget\" data-widget_type=\"text-editor.default\">\n\t\t\t\t<div class=\"elementor-widget-container\">\n\t\t\t\t\t\t\t\t\t<p>Sieczkarnia zamontowany na rumplu samojezdnego wozu paszowego Leader PF umo\u017cliwia siekanie s\u0142omy i siana bez pomocy innych maszyn i optymalizuje wykorzystanie jednej maszyny. M\u0142ynek umo\u017cliwia czyste ci\u0119cie i precyzyjn\u0105 d\u0142ugo\u015b\u0107, szanuj\u0105c w\u0142\u00f3kniste komponenty unifeedu.&nbsp;<span style=\"color: var( --e-global-color-text ); font-family: var( --e-global-typography-text-font-family ), Sans-serif; font-weight: var( --e-global-typography-text-font-weight );\">Dzi\u0119ki nowemu systemowi sta\u0142ych i r\u0119cznie regulowanych no\u017cy i przeciwno\u017cy, \u017cywno\u015b\u0107 trafia do misy miksuj\u0105cej ju\u017c idealnie pokrojona, w pe\u0142ni respektuj\u0105c w\u0142\u00f3kna i gwarantuj\u0105c \u015bwietn\u0105 wydajno\u015b\u0107 pracy.<\/span><\/p>\n<p><span style=\"color: var( --e-global-color-text ); font-family: var( --e-global-typography-text-font-family ), Sans-serif; font-weight: var( --e-global-typography-text-font-weight );\"><br><\/span><\/p>\n<p>Frez, stosowany w pojazdach samobie\u017cnych Leader PF, jest opcj\u0105 dodatkow\u0105, zaprojektowan\u0105 w celu zaspokojenia zapotrzebowania na okre\u015blon\u0105 d\u0142ugo\u015b\u0107 w\u0142\u00f3kna, kt\u00f3ra mo\u017ce znacznie skr\u00f3ci\u0107 czas ci\u0119cia i mieszania, a w konsekwencji zmniejszy\u0107 og\u00f3lne zu\u017cycie.<\/p>\t\t\t\t\t\t\t\t<\/div>\n\t\t\t\t<\/div>\n\t\t\t\t<div class=\"elementor-element elementor-element-510e1b6 elementor-widget elementor-widget-button\" data-id=\"510e1b6\" data-element_type=\"widget\" data-e-type=\"widget\" data-widget_type=\"button.default\">\n\t\t\t\t<div class=\"elementor-widget-container\">\n\t\t\t\t\t\t\t\t\t<div class=\"elementor-button-wrapper\">\n\t\t\t\t\t<a class=\"elementor-button elementor-button-link elementor-size-sm elementor-animation-grow\" href=\"https:\/\/www.faresin.com\/pl\/kontakt\/\">\n\t\t\t\t\t\t<span class=\"elementor-button-content-wrapper\">\n\t\t\t\t\t\t<span class=\"elementor-button-icon\">\n\t\t\t\t<i aria-hidden=\"true\" class=\"fas fa-long-arrow-alt-right\"><\/i>\t\t\t<\/span>\n\t\t\t\t\t\t\t\t\t<span class=\"elementor-button-text\">WI\u0118CEJ INFORMACJI<\/span>\n\t\t\t\t\t<\/span>\n\t\t\t\t\t<\/a>\n\t\t\t\t<\/div>\n\t\t\t\t\t\t\t\t<\/div>\n\t\t\t\t<\/div>\n\t\t\t\t\t<\/div>\n\t\t<\/div>\n\t\t\t\t<div class=\"elementor-column elementor-col-50 elementor-top-column elementor-element elementor-element-3aa1ea4c\" data-id=\"3aa1ea4c\" data-element_type=\"column\" data-e-type=\"column\" data-settings=\"{&quot;background_background&quot;:&quot;classic&quot;}\">\n\t\t\t<div class=\"elementor-widget-wrap elementor-element-populated\">\n\t\t\t\t\t\t<div class=\"elementor-element elementor-element-6b4a3d1 elementor-widget elementor-widget-image\" data-id=\"6b4a3d1\" data-element_type=\"widget\" data-e-type=\"widget\" data-widget_type=\"image.default\">\n\t\t\t\t<div class=\"elementor-widget-container\">\n\t\t\t\t\t\t\t\t\t\t\t\t\t\t\t<img decoding=\"async\" width=\"940\" height=\"675\" src=\"https:\/\/www.faresin.com\/wp-content\/uploads\/mulino-faresin-1.jpg\" class=\"attachment-full size-full wp-image-20168\" alt=\"\" srcset=\"https:\/\/www.faresin.com\/wp-content\/uploads\/mulino-faresin-1.jpg 940w, https:\/\/www.faresin.com\/wp-content\/uploads\/mulino-faresin-1-600x431.jpg 600w, https:\/\/www.faresin.com\/wp-content\/uploads\/mulino-faresin-1-300x215.jpg 300w, https:\/\/www.faresin.com\/wp-content\/uploads\/mulino-faresin-1-768x551.jpg 768w, https:\/\/www.faresin.com\/wp-content\/uploads\/mulino-faresin-1-18x12.jpg 18w\" sizes=\"(max-width: 940px) 100vw, 940px\">\t\t\t\t\t\t\t\t\t\t\t\t\t\t\t<\/div>\n\t\t\t\t<\/div>\n\t\t\t\t\t<\/div>\n\t\t<\/div>\n\t\t\t\t\t<\/div>\n\t\t<\/section>\n\t\t\t\t<section class=\"elementor-section elementor-top-section elementor-element elementor-element-657053a elementor-section-full_width elementor-reverse-tablet elementor-reverse-mobile elementor-section-height-default elementor-section-height-default\" data-id=\"657053a\" data-element_type=\"section\" data-e-type=\"section\">\n\t\t\t\t\t\t<div class=\"elementor-container elementor-column-gap-default\">\n\t\t\t\t\t<div class=\"elementor-column elementor-col-33 elementor-top-column elementor-element elementor-element-813354b\" data-id=\"813354b\" data-element_type=\"column\" data-e-type=\"column\">\n\t\t\t<div class=\"elementor-widget-wrap elementor-element-populated\">\n\t\t\t\t\t\t<div class=\"elementor-element elementor-element-f4a8788 elementor-widget elementor-widget-image\" data-id=\"f4a8788\" data-element_type=\"widget\" data-e-type=\"widget\" data-widget_type=\"image.default\">\n\t\t\t\t<div class=\"elementor-widget-container\">\n\t\t\t\t\t\t\t\t\t\t\t\t\t\t\t<img decoding=\"async\" width=\"1200\" height=\"864\" src=\"https:\/\/www.faresin.com\/wp-content\/uploads\/CANALE-CON-MULINO-E-FLUSSO.jpg\" class=\"elementor-animation-float attachment-full size-full wp-image-53509\" alt=\"\" srcset=\"https:\/\/www.faresin.com\/wp-content\/uploads\/CANALE-CON-MULINO-E-FLUSSO.jpg 1200w, https:\/\/www.faresin.com\/wp-content\/uploads\/CANALE-CON-MULINO-E-FLUSSO-600x432.jpg 600w, https:\/\/www.faresin.com\/wp-content\/uploads\/CANALE-CON-MULINO-E-FLUSSO-300x216.jpg 300w, https:\/\/www.faresin.com\/wp-content\/uploads\/CANALE-CON-MULINO-E-FLUSSO-1024x737.jpg 1024w, https:\/\/www.faresin.com\/wp-content\/uploads\/CANALE-CON-MULINO-E-FLUSSO-768x553.jpg 768w\" sizes=\"(max-width: 1200px) 100vw, 1200px\">\t\t\t\t\t\t\t\t\t\t\t\t\t\t\t<\/div>\n\t\t\t\t<\/div>\n\t\t\t\t\t<\/div>\n\t\t<\/div>\n\t\t\t\t<div class=\"elementor-column elementor-col-33 elementor-top-column elementor-element elementor-element-735ea64\" data-id=\"735ea64\" data-element_type=\"column\" data-e-type=\"column\">\n\t\t\t<div class=\"elementor-widget-wrap elementor-element-populated\">\n\t\t\t\t\t\t<div class=\"elementor-element elementor-element-945b3d9 elementor-widget elementor-widget-image\" data-id=\"945b3d9\" data-element_type=\"widget\" data-e-type=\"widget\" data-widget_type=\"image.default\">\n\t\t\t\t<div class=\"elementor-widget-container\">\n\t\t\t\t\t\t\t\t\t\t\t\t\t\t\t<img decoding=\"async\" width=\"940\" height=\"675\" src=\"https:\/\/www.faresin.com\/wp-content\/uploads\/mulino-faresin-2.jpg\" class=\"elementor-animation-float attachment-full size-full wp-image-20175\" alt=\"\" srcset=\"https:\/\/www.faresin.com\/wp-content\/uploads\/mulino-faresin-2.jpg 940w, https:\/\/www.faresin.com\/wp-content\/uploads\/mulino-faresin-2-600x431.jpg 600w, https:\/\/www.faresin.com\/wp-content\/uploads\/mulino-faresin-2-300x215.jpg 300w, https:\/\/www.faresin.com\/wp-content\/uploads\/mulino-faresin-2-768x551.jpg 768w, https:\/\/www.faresin.com\/wp-content\/uploads\/mulino-faresin-2-18x12.jpg 18w\" sizes=\"(max-width: 940px) 100vw, 940px\">\t\t\t\t\t\t\t\t\t\t\t\t\t\t\t<\/div>\n\t\t\t\t<\/div>\n\t\t\t\t\t<\/div>\n\t\t<\/div>\n\t\t\t\t<div class=\"elementor-column elementor-col-33 elementor-top-column elementor-element elementor-element-285cb1f\" data-id=\"285cb1f\" data-element_type=\"column\" data-e-type=\"column\">\n\t\t\t<div class=\"elementor-widget-wrap elementor-element-populated\">\n\t\t\t\t\t\t<section class=\"elementor-section elementor-inner-section elementor-element elementor-element-d309c9b elementor-section-boxed elementor-section-height-default elementor-section-height-default\" data-id=\"d309c9b\" data-element_type=\"section\" data-e-type=\"section\">\n\t\t\t\t\t\t<div class=\"elementor-container elementor-column-gap-default\">\n\t\t\t\t\t<div class=\"elementor-column elementor-col-100 elementor-inner-column elementor-element elementor-element-0c9817e\" data-id=\"0c9817e\" data-element_type=\"column\" data-e-type=\"column\">\n\t\t\t<div class=\"elementor-widget-wrap elementor-element-populated\">\n\t\t\t\t\t\t<div data-dce-title-color=\"#000000\" class=\"elementor-element elementor-element-4bff111 elementor-widget elementor-widget-heading\" data-id=\"4bff111\" data-element_type=\"widget\" data-e-type=\"widget\" data-widget_type=\"heading.default\">\n\t\t\t\t<div class=\"elementor-widget-container\">\n\t\t\t\t\t<h1 class=\"elementor-heading-title elementor-size-medium\">Sieczkarnia<\/h1>\t\t\t\t<\/div>\n\t\t\t\t<\/div>\n\t\t\t\t<div data-dce-title-color=\"#282C2C\" class=\"elementor-element elementor-element-9929a80 elementor-widget elementor-widget-heading\" data-id=\"9929a80\" data-element_type=\"widget\" data-e-type=\"widget\" data-widget_type=\"heading.default\">\n\t\t\t\t<div class=\"elementor-widget-container\">\n\t\t\t\t\t<h1 class=\"elementor-heading-title elementor-size-xl\">Zalety<\/h1>\t\t\t\t<\/div>\n\t\t\t\t<\/div>\n\t\t\t\t<div class=\"elementor-element elementor-element-195c73e elementor-icon-list--layout-traditional elementor-list-item-link-full_width elementor-widget elementor-widget-icon-list\" data-id=\"195c73e\" data-element_type=\"widget\" data-e-type=\"widget\" data-widget_type=\"icon-list.default\">\n\t\t\t\t<div class=\"elementor-widget-container\">\n\t\t\t\t\t\t\t<ul class=\"elementor-icon-list-items\">\n\t\t\t\t\t\t\t<li class=\"elementor-icon-list-item\">\n\t\t\t\t\t\t\t\t\t\t\t<span class=\"elementor-icon-list-icon\">\n\t\t\t\t\t\t\t<i aria-hidden=\"true\" class=\"far fa-check-circle\"><\/i>\t\t\t\t\t\t<\/span>\n\t\t\t\t\t\t\t\t\t\t<span class=\"elementor-icon-list-text\">Sieczkarnia Faresin, o szeroko\u015bci 800 mm i 128 odwracalnych no\u017cach, jest najwi\u0119kszy na rynku.<\/span>\n\t\t\t\t\t\t\t\t\t<\/li>\n\t\t\t\t\t\t\t\t<li class=\"elementor-icon-list-item\">\n\t\t\t\t\t\t\t\t\t\t\t<span class=\"elementor-icon-list-icon\">\n\t\t\t\t\t\t\t<i aria-hidden=\"true\" class=\"far fa-check-circle\"><\/i>\t\t\t\t\t\t<\/span>\n\t\t\t\t\t\t\t\t\t\t<span class=\"elementor-icon-list-text\">Wyj\u0105tkowa wydajno\u015b\u0107 ci\u0119cia dzi\u0119ki 128 odwracalnym no\u017com i 3 zestawom przeciwostrzy (2 regulowane i 1 sta\u0142y).<\/span>\n\t\t\t\t\t\t\t\t\t<\/li>\n\t\t\t\t\t\t\t\t<li class=\"elementor-icon-list-item\">\n\t\t\t\t\t\t\t\t\t\t\t<span class=\"elementor-icon-list-icon\">\n\t\t\t\t\t\t\t<i aria-hidden=\"true\" class=\"far fa-check-circle\"><\/i>\t\t\t\t\t\t<\/span>\n\t\t\t\t\t\t\t\t\t\t<span class=\"elementor-icon-list-text\">Redukcja czasu ci\u0119cia (-80%) w por\u00f3wnaniu z systemem bez frezu.<\/span>\n\t\t\t\t\t\t\t\t\t<\/li>\n\t\t\t\t\t\t<\/ul>\n\t\t\t\t\t\t<\/div>\n\t\t\t\t<\/div>\n\t\t\t\t<div class=\"elementor-element elementor-element-37489b6 elementor-mobile-align-center elementor-widget elementor-widget-button\" data-id=\"37489b6\" data-element_type=\"widget\" data-e-type=\"widget\" data-widget_type=\"button.default\">\n\t\t\t\t<div class=\"elementor-widget-container\">\n\t\t\t\t\t\t\t\t\t<div class=\"elementor-button-wrapper\">\n\t\t\t\t\t<a class=\"elementor-button elementor-button-link elementor-size-sm elementor-animation-grow\" href=\"https:\/\/www.faresin.com\/pl\/kontakt\/\">\n\t\t\t\t\t\t<span class=\"elementor-button-content-wrapper\">\n\t\t\t\t\t\t<span class=\"elementor-button-icon\">\n\t\t\t\t<i aria-hidden=\"true\" class=\"fas fa-long-arrow-alt-right\"><\/i>\t\t\t<\/span>\n\t\t\t\t\t\t\t\t\t<span class=\"elementor-button-text\">WI\u0118CEJ INFORMACJI<\/span>\n\t\t\t\t\t<\/span>\n\t\t\t\t\t<\/a>\n\t\t\t\t<\/div>\n\t\t\t\t\t\t\t\t<\/div>\n\t\t\t\t<\/div>\n\t\t\t\t\t<\/div>\n\t\t<\/div>\n\t\t\t\t\t<\/div>\n\t\t<\/section>\n\t\t\t\t\t<\/div>\n\t\t<\/div>\n\t\t\t\t\t<\/div>\n\t\t<\/section>\n\t\t\t\t<\/div>\n\t\t","protected":false},"excerpt":{"rendered":"<p>Wstecz Sieczkarnia Ochrona w\u0142\u00f3kien i ostre ci\u0119cie Sieczkarnia zamontowany na rumplu samojezdnego wozu paszowego Leader PF umo\u017cliwia siekanie s\u0142omy i siana bez pomocy innych maszyn i optymalizuje wykorzystanie jednej maszyny. M\u0142ynek umo\u017cliwia czyste ci\u0119cie i precyzyjn\u0105 d\u0142ugo\u015b\u0107, szanuj\u0105c w\u0142\u00f3kniste komponenty unifeedu.&nbsp;Dzi\u0119ki nowemu systemowi sta\u0142ych i r\u0119cznie regulowanych no\u017cy i przeciwno\u017cy, \u017cywno\u015b\u0107 trafia do misy miksuj\u0105cej [&hellip;]<\/p>\n","protected":false},"author":1,"featured_media":0,"parent":56808,"menu_order":0,"comment_status":"closed","ping_status":"closed","template":"elementor_header_footer","meta":{"_acf_changed":false,"footnotes":""},"class_list":["post-56959","page","type-page","status-publish","hentry"],"acf":[],"_links":{"self":[{"href":"https:\/\/www.faresin.com\/pl\/wp-json\/wp\/v2\/pages\/56959","targetHints":{"allow":["GET"]}}],"collection":[{"href":"https:\/\/www.faresin.com\/pl\/wp-json\/wp\/v2\/pages"}],"about":[{"href":"https:\/\/www.faresin.com\/pl\/wp-json\/wp\/v2\/types\/page"}],"author":[{"embeddable":true,"href":"https:\/\/www.faresin.com\/pl\/wp-json\/wp\/v2\/users\/1"}],"replies":[{"embeddable":true,"href":"https:\/\/www.faresin.com\/pl\/wp-json\/wp\/v2\/comments?post=56959"}],"version-history":[{"count":0,"href":"https:\/\/www.faresin.com\/pl\/wp-json\/wp\/v2\/pages\/56959\/revisions"}],"up":[{"embeddable":true,"href":"https:\/\/www.faresin.com\/pl\/wp-json\/wp\/v2\/pages\/56808"}],"wp:attachment":[{"href":"https:\/\/www.faresin.com\/pl\/wp-json\/wp\/v2\/media?parent=56959"}],"curies":[{"name":"wp","href":"https:\/\/api.w.org\/{rel}","templated":true}]}}