{"id":57224,"date":"2022-04-08T14:23:48","date_gmt":"2022-04-08T12:23:48","guid":{"rendered":"https:\/\/www.faresin.com\/fundacja\/"},"modified":"2023-09-21T10:44:36","modified_gmt":"2023-09-21T08:44:36","slug":"fundacja","status":"publish","type":"page","link":"https:\/\/www.faresin.com\/pl\/fundacja\/","title":{"rendered":"Fundacja"},"content":{"rendered":"\t\t<div data-elementor-type=\"wp-page\" data-elementor-id=\"57224\" class=\"elementor elementor-57224 elementor-3324\" data-elementor-post-type=\"page\">\n\t\t\t\t\t\t<section class=\"elementor-section elementor-top-section elementor-element elementor-element-10a1d205 elementor-section-height-min-height elementor-section-items-stretch elementor-section-full_width elementor-section-height-default\" data-id=\"10a1d205\" data-element_type=\"section\" data-e-type=\"section\">\n\t\t\t\t\t\t<div class=\"elementor-container elementor-column-gap-default\">\n\t\t\t\t\t<div class=\"elementor-column elementor-col-50 elementor-top-column elementor-element elementor-element-2d7c5aba\" data-id=\"2d7c5aba\" data-element_type=\"column\" data-e-type=\"column\" data-settings=\"{&quot;background_background&quot;:&quot;classic&quot;}\">\n\t\t\t<div class=\"elementor-widget-wrap elementor-element-populated\">\n\t\t\t\t\t\t<div data-dce-title-color=\"#000000\" class=\"elementor-element elementor-element-4d12779 elementor-widget elementor-widget-heading\" data-id=\"4d12779\" data-element_type=\"widget\" data-e-type=\"widget\" data-widget_type=\"heading.default\">\n\t\t\t\t<div class=\"elementor-widget-container\">\n\t\t\t\t\t<h1 class=\"elementor-heading-title elementor-size-medium\">Fundacja<\/h1>\t\t\t\t<\/div>\n\t\t\t\t<\/div>\n\t\t\t\t<div data-dce-title-color=\"#282C2C\" class=\"elementor-element elementor-element-ac198a1 elementor-widget elementor-widget-heading\" data-id=\"ac198a1\" data-element_type=\"widget\" data-e-type=\"widget\" data-widget_type=\"heading.default\">\n\t\t\t\t<div class=\"elementor-widget-container\">\n\t\t\t\t\t<div class=\"elementor-heading-title elementor-size-xl\">Mons. Camillo Faresin Onlus<\/div>\t\t\t\t<\/div>\n\t\t\t\t<\/div>\n\t\t\t\t<div class=\"elementor-element elementor-element-35509da elementor-widget elementor-widget-text-editor\" data-id=\"35509da\" data-element_type=\"widget\" data-e-type=\"widget\" data-widget_type=\"text-editor.default\">\n\t\t\t\t<div class=\"elementor-widget-container\">\n\t\t\t\t\t\t\t\t\t<p>Fundacja Mons. Camillo Faresin Onlus, za\u0142o\u017cona w styczniu 2004 roku, jest apolityczna, non-profit i \u017caden z jej cz\u0142onk\u00f3w nie mo\u017ce otrzymywa\u0107 wynagrodzenia za prac\u0119, kt\u00f3r\u0105 wykonuje na jej rzecz. Realizuje wy\u0142\u0105cznie cel solidarno\u015bci spo\u0142ecznej wobec os\u00f3b pokrzywdzonych przez los i cz\u0142onk\u00f3w wsp\u00f3lnot zagranicznych, ograniczony do pomocy humanitarnej w obszarach:<\/p>\n<p><span style=\"color: var( --e-global-color-text ); font-family: var( --e-global-typography-text-font-family ), Sans-serif; font-weight: var( --e-global-typography-text-font-weight );\">&nbsp;<\/span><\/p>\n<ul>\n<li><span style=\"color: var( --e-global-color-text ); font-family: var( --e-global-typography-text-font-family ), Sans-serif; font-weight: var( --e-global-typography-text-font-weight );\">spo\u0142eczn\u0105 i spo\u0142eczno-zdrowotn\u0105;<\/span><\/li>\n<li>opieka zdrowotna;<\/li>\n<li>promowanie inicjatyw, warunk\u00f3w i mo\u017cliwo\u015bci pracy sprzyjaj\u0105cych wzrostowi spo\u0142ecznemu i gospodarczemu.<\/li>\n<\/ul>\t\t\t\t\t\t\t\t<\/div>\n\t\t\t\t<\/div>\n\t\t\t\t\t<\/div>\n\t\t<\/div>\n\t\t\t\t<div class=\"elementor-column elementor-col-50 elementor-top-column elementor-element elementor-element-3aa1ea4c\" data-id=\"3aa1ea4c\" data-element_type=\"column\" data-e-type=\"column\" data-settings=\"{&quot;background_background&quot;:&quot;classic&quot;}\">\n\t\t\t<div class=\"elementor-widget-wrap elementor-element-populated\">\n\t\t\t\t\t\t<div class=\"elementor-element elementor-element-313290d elementor-widget elementor-widget-image\" data-id=\"313290d\" data-element_type=\"widget\" data-e-type=\"widget\" data-widget_type=\"image.default\">\n\t\t\t\t<div class=\"elementor-widget-container\">\n\t\t\t\t\t\t\t\t\t\t\t\t\t\t\t<img decoding=\"async\" width=\"710\" height=\"400\" src=\"https:\/\/www.faresin.com\/wp-content\/uploads\/2022\/04\/mon-camillo-faresin.jpg\" class=\"elementor-animation-float attachment-full size-full wp-image-16605\" alt=\"\" srcset=\"https:\/\/www.faresin.com\/wp-content\/uploads\/2022\/04\/mon-camillo-faresin.jpg 710w, https:\/\/www.faresin.com\/wp-content\/uploads\/2022\/04\/mon-camillo-faresin-600x338.jpg 600w, https:\/\/www.faresin.com\/wp-content\/uploads\/2022\/04\/mon-camillo-faresin-300x169.jpg 300w\" sizes=\"(max-width: 710px) 100vw, 710px\">\t\t\t\t\t\t\t\t\t\t\t\t\t\t\t<\/div>\n\t\t\t\t<\/div>\n\t\t\t\t\t<\/div>\n\t\t<\/div>\n\t\t\t\t\t<\/div>\n\t\t<\/section>\n\t\t\t\t<section class=\"elementor-section elementor-top-section elementor-element elementor-element-6ec9173e elementor-section-boxed elementor-section-height-default elementor-section-height-default\" data-id=\"6ec9173e\" data-element_type=\"section\" data-e-type=\"section\">\n\t\t\t\t\t\t<div class=\"elementor-container elementor-column-gap-default\">\n\t\t\t\t\t<div class=\"elementor-column elementor-col-50 elementor-top-column elementor-element elementor-element-23da1c3d\" data-id=\"23da1c3d\" data-element_type=\"column\" data-e-type=\"column\">\n\t\t\t<div class=\"elementor-widget-wrap elementor-element-populated\">\n\t\t\t\t\t\t<div class=\"elementor-element elementor-element-da35105 elementor-hidden-tablet elementor-hidden-mobile elementor-widget-divider--separator-type-pattern elementor-widget-divider--view-line elementor-widget elementor-widget-divider\" data-id=\"da35105\" data-element_type=\"widget\" data-e-type=\"widget\" data-widget_type=\"divider.default\">\n\t\t\t\t<div class=\"elementor-widget-container\">\n\t\t\t\t\t\t\t<div class=\"elementor-divider\" style=\"--divider-pattern-url: url(&quot;data:image\/svg+xml,%3Csvg xmlns=&#039;http:\/\/www.w3.org\/2000\/svg&#039; preserveAspectRatio=&#039;none&#039; overflow=&#039;visible&#039; height=&#039;100%&#039; viewBox=&#039;0 0 20 16&#039; fill=&#039;none&#039; stroke=&#039;black&#039; stroke-width=&#039;2.2&#039; stroke-linecap=&#039;square&#039; stroke-miterlimit=&#039;10&#039;%3E%3Cg transform=&#039;translate(-12.000000, 0)&#039;%3E%3Cpath d=&#039;M28,0L10,18&#039;\/%3E%3Cpath d=&#039;M18,0L0,18&#039;\/%3E%3Cpath d=&#039;M48,0L30,18&#039;\/%3E%3Cpath d=&#039;M38,0L20,18&#039;\/%3E%3C\/g%3E%3C\/svg%3E&quot;);\">\n\t\t\t<span class=\"elementor-divider-separator\">\n\t\t\t\t\t\t<\/span>\n\t\t<\/div>\n\t\t\t\t\t\t<\/div>\n\t\t\t\t<\/div>\n\t\t\t\t<div class=\"elementor-element elementor-element-b20aa17 elementor-widget elementor-widget-heading\" data-id=\"b20aa17\" data-element_type=\"widget\" data-e-type=\"widget\" data-widget_type=\"heading.default\">\n\t\t\t\t<div class=\"elementor-widget-container\">\n\t\t\t\t\t<h2 class=\"elementor-heading-title elementor-size-medium\">Narodziny<\/h2>\t\t\t\t<\/div>\n\t\t\t\t<\/div>\n\t\t\t\t<div data-dce-title-color=\"#282C2C\" class=\"elementor-element elementor-element-356b198 elementor-widget elementor-widget-heading\" data-id=\"356b198\" data-element_type=\"widget\" data-e-type=\"widget\" data-widget_type=\"heading.default\">\n\t\t\t\t<div class=\"elementor-widget-container\">\n\t\t\t\t\t<div class=\"elementor-heading-title elementor-size-default\">Fundacja<\/div>\t\t\t\t<\/div>\n\t\t\t\t<\/div>\n\t\t\t\t<div class=\"elementor-element elementor-element-68c6fa63 elementor-widget elementor-widget-image\" data-id=\"68c6fa63\" data-element_type=\"widget\" data-e-type=\"widget\" data-widget_type=\"image.default\">\n\t\t\t\t<div class=\"elementor-widget-container\">\n\t\t\t\t\t\t\t\t\t\t\t\t\t\t\t<img decoding=\"async\" width=\"940\" height=\"600\" src=\"https:\/\/www.faresin.com\/wp-content\/uploads\/2022\/04\/insieme-aiutiamo-il-mondo.jpg\" class=\"elementor-animation-float attachment-full size-full wp-image-16612\" alt=\"\" srcset=\"https:\/\/www.faresin.com\/wp-content\/uploads\/2022\/04\/insieme-aiutiamo-il-mondo.jpg 940w, https:\/\/www.faresin.com\/wp-content\/uploads\/2022\/04\/insieme-aiutiamo-il-mondo-600x383.jpg 600w, https:\/\/www.faresin.com\/wp-content\/uploads\/2022\/04\/insieme-aiutiamo-il-mondo-300x191.jpg 300w, https:\/\/www.faresin.com\/wp-content\/uploads\/2022\/04\/insieme-aiutiamo-il-mondo-768x490.jpg 768w\" sizes=\"(max-width: 940px) 100vw, 940px\">\t\t\t\t\t\t\t\t\t\t\t\t\t\t\t<\/div>\n\t\t\t\t<\/div>\n\t\t\t\t\t<\/div>\n\t\t<\/div>\n\t\t\t\t<div class=\"elementor-column elementor-col-50 elementor-top-column elementor-element elementor-element-223fe1d8\" data-id=\"223fe1d8\" data-element_type=\"column\" data-e-type=\"column\">\n\t\t\t<div class=\"elementor-widget-wrap elementor-element-populated\">\n\t\t\t\t\t\t<div class=\"elementor-element elementor-element-e4ecd88 elementor-widget elementor-widget-text-editor\" data-id=\"e4ecd88\" data-element_type=\"widget\" data-e-type=\"widget\" data-widget_type=\"text-editor.default\">\n\t\t\t\t<div class=\"elementor-widget-container\">\n\t\t\t\t\t\t\t\t\t<p>Fundacja powsta\u0142a g\u0142\u00f3wnie w Guiratinga, w brazylijskim Mato Grosso, gdzie Monsignor Camillo i Don Santo Faresin po\u015bwi\u0119cili swoje \u017cycie jako salezja\u0144scy misjonarze. Zarz\u0105d Fundacji ma bezpo\u015bredni kontakt z diecezj\u0105 Guiratinga poprzez obecno\u015b\u0107 Si\u00f3str Woli Bo\u017cej z Bassano del Grappa i biskupa Guiratinga. Dzi\u0119ki tym osobom w Guiratinga powo\u0142ano komitet, kt\u00f3ry ma za zadanie zaproponowa\u0107 projekty reprezentuj\u0105ce rzeczywiste potrzeby spo\u0142eczno\u015bci. Projekty Fundacji Mons. Camillo Fareisn Onlus dotycz\u0105:<\/p>\n<ul>\n<li>wsparcie dla seminarzyst\u00f3w w diecezji Guiratinga;<\/li>\n<li>wspieranie kurs\u00f3w s\u0142u\u017c\u0105cych kszta\u0142ceniu i doskonaleniu zawodowemu m\u0142odzie\u017cy w diecezji;<\/li>\n<li>wsparcie dla r\u0119kodzie\u0142a kobiet;<\/li>\n<li>wsparcie dla domu wypoczynkowego Gaetana Sterni i jego senior\u00f3w;<\/li>\n<li>wsparcie dla najbardziej potrzebuj\u0105cych rodzin poprzez ufundowanie &#8222;Basic Hampers&#8221; zawieraj\u0105cych artyku\u0142y pierwszej potrzeby.<\/li>\n<\/ul>\n<div><span style=\"font-family: -apple-system, BlinkMacSystemFont, Segoe UI, Roboto, Oxygen-Sans, Ubuntu, Cantarell, Helvetica Neue, sans-serif;\"> <\/span><\/div>\n<p>Dzi\u015b r\u0119ka biskupa Camillo Faresina jest nadal wyci\u0105gni\u0119ta ku innym, dzi\u0119ki Fundacji, kt\u00f3ra nosi jego imi\u0119. Ameryka Po\u0142udniowa, Afryka, Azja, Europa: wsz\u0119dzie tam, gdzie potrzebna jest pomoc i solidarno\u015b\u0107, Fundacja Mons. Camillo Faresin Onlus jest na miejscu. Zbiera fundusze, wsp\u00f3\u0142pracuje z organizacjami non-profit i dzi\u0119ki wsparciu darczy\u0144c\u00f3w stopniowo poszerza sw\u00f3j zasi\u0119g. W ten spos\u00f3b kontynuowany jest przyk\u0142ad cz\u0142owieka. Z ca\u0142\u0105 swoj\u0105 si\u0142\u0105.<\/p>\n\t\t\t\t\t\t\t\t<\/div>\n\t\t\t\t<\/div>\n\t\t\t\t\t<\/div>\n\t\t<\/div>\n\t\t\t\t\t<\/div>\n\t\t<\/section>\n\t\t\t\t<\/div>\n\t\t","protected":false},"excerpt":{"rendered":"<p>Fundacja Mons. Camillo Faresin Onlus Fundacja Mons. Camillo Faresin Onlus, za\u0142o\u017cona w styczniu 2004 roku, jest apolityczna, non-profit i \u017caden z jej cz\u0142onk\u00f3w nie mo\u017ce otrzymywa\u0107 wynagrodzenia za prac\u0119, kt\u00f3r\u0105 wykonuje na jej rzecz. Realizuje wy\u0142\u0105cznie cel solidarno\u015bci spo\u0142ecznej wobec os\u00f3b pokrzywdzonych przez los i cz\u0142onk\u00f3w wsp\u00f3lnot zagranicznych, ograniczony do pomocy humanitarnej w obszarach: &nbsp; [&hellip;]<\/p>\n","protected":false},"author":1,"featured_media":0,"parent":0,"menu_order":0,"comment_status":"open","ping_status":"closed","template":"elementor_header_footer","meta":{"_acf_changed":false,"footnotes":""},"class_list":["post-57224","page","type-page","status-publish","hentry"],"acf":[],"_links":{"self":[{"href":"https:\/\/www.faresin.com\/pl\/wp-json\/wp\/v2\/pages\/57224","targetHints":{"allow":["GET"]}}],"collection":[{"href":"https:\/\/www.faresin.com\/pl\/wp-json\/wp\/v2\/pages"}],"about":[{"href":"https:\/\/www.faresin.com\/pl\/wp-json\/wp\/v2\/types\/page"}],"author":[{"embeddable":true,"href":"https:\/\/www.faresin.com\/pl\/wp-json\/wp\/v2\/users\/1"}],"replies":[{"embeddable":true,"href":"https:\/\/www.faresin.com\/pl\/wp-json\/wp\/v2\/comments?post=57224"}],"version-history":[{"count":0,"href":"https:\/\/www.faresin.com\/pl\/wp-json\/wp\/v2\/pages\/57224\/revisions"}],"wp:attachment":[{"href":"https:\/\/www.faresin.com\/pl\/wp-json\/wp\/v2\/media?parent=57224"}],"curies":[{"name":"wp","href":"https:\/\/api.w.org\/{rel}","templated":true}]}}